{"id":88473,"date":"2022-04-26T17:48:35","date_gmt":"2022-04-26T15:48:35","guid":{"rendered":"https:\/\/nueva.avantarea.com\/?post_type=product&#038;p=88473"},"modified":"2026-04-01T15:32:41","modified_gmt":"2026-04-01T13:32:41","slug":"pack-lorient-enchufe-lavabo-espejo-led-copia","status":"publish","type":"product","link":"https:\/\/avantarea.com\/fr\/producto\/pack-lorient-enchufe-lavabo-espejo-led-copia\/","title":{"rendered":"Pack LORIENT + prise + lavabo + miroir LED"},"content":{"rendered":"<p>Meuble vasque de salle de bain avec prise int\u00e9gr\u00e9e, lavabo et miroir \u00e9clair\u00e9. Ce meuble se compose de deux modules en panneau stratifi\u00e9 de 19 mm d&rsquo;\u00e9paisseur. Le module lavabo suspendu int\u00e8gre une prise et un grand tiroir \u00e0 fermeture amortie. Il comprend \u00e9galement une \u00e9tag\u00e8re d\u00e9corative. Le lavabo \u00e0 poser est en c\u00e9ramique blanche brillante. Le miroir est \u00e9quip\u00e9 d&rsquo;un \u00e9clairage LED int\u00e9gr\u00e9 (IP65, 6000K). Les fixations murales sont incluses. Robinetterie et bonde non incluses.        Fabriqu\u00e9 en Espagne.<\/p>\n","protected":false},"excerpt":{"rendered":"<p>Meuble vasque de salle de bain avec prise int\u00e9gr\u00e9e, lavabo et miroir \u00e9clair\u00e9. Ce meuble se compose de deux modules en panneau stratifi\u00e9 de 19 mm d&rsquo;\u00e9paisseur. Le module lavabo&#8230;<\/p>\n","protected":false},"featured_media":23771,"comment_status":"closed","ping_status":"closed","template":"","meta":[],"product_brand":[975],"product_cat":[1170],"product_tag":[],"class_list":{"0":"post-88473","1":"product","2":"type-product","3":"status-publish","4":"has-post-thumbnail","6":"product_brand-lorient","7":"product_cat-muebles-de-bano","8":"pa_color-azabache","9":"pa_color-blanco-mate","10":"pa_color-bleu-2","11":"pa_color-nogal","12":"pa_color-roble","13":"pa_medidas-369","14":"pa_medidas-378","15":"pa_medidas-453","16":"pa_medidas-370","18":"first","19":"instock","20":"purchasable","21":"product-type-variable"},"_links":{"self":[{"href":"https:\/\/avantarea.com\/fr\/wp-json\/wp\/v2\/product\/88473","targetHints":{"allow":["GET"]}}],"collection":[{"href":"https:\/\/avantarea.com\/fr\/wp-json\/wp\/v2\/product"}],"about":[{"href":"https:\/\/avantarea.com\/fr\/wp-json\/wp\/v2\/types\/product"}],"replies":[{"embeddable":true,"href":"https:\/\/avantarea.com\/fr\/wp-json\/wp\/v2\/comments?post=88473"}],"wp:featuredmedia":[{"embeddable":true,"href":"https:\/\/avantarea.com\/fr\/wp-json\/wp\/v2\/media\/23771"}],"wp:attachment":[{"href":"https:\/\/avantarea.com\/fr\/wp-json\/wp\/v2\/media?parent=88473"}],"wp:term":[{"taxonomy":"product_brand","embeddable":true,"href":"https:\/\/avantarea.com\/fr\/wp-json\/wp\/v2\/product_brand?post=88473"},{"taxonomy":"product_cat","embeddable":true,"href":"https:\/\/avantarea.com\/fr\/wp-json\/wp\/v2\/product_cat?post=88473"},{"taxonomy":"product_tag","embeddable":true,"href":"https:\/\/avantarea.com\/fr\/wp-json\/wp\/v2\/product_tag?post=88473"}],"curies":[{"name":"wp","href":"https:\/\/api.w.org\/{rel}","templated":true}]}}