{"id":88452,"date":"2022-04-26T17:51:53","date_gmt":"2022-04-26T15:51:53","guid":{"rendered":"https:\/\/nueva.avantarea.com\/?post_type=product&#038;p=88452"},"modified":"2026-04-01T16:38:58","modified_gmt":"2026-04-01T14:38:58","slug":"pack-meije-lavabo-espejo-foco-led-copia","status":"publish","type":"product","link":"https:\/\/avantarea.com\/fr\/producto\/pack-meije-lavabo-espejo-foco-led-copia\/","title":{"rendered":"Pack MEIJE + lavabo + miroir + spot LED"},"content":{"rendered":"<p>Ensemble de salle de bains comprenant un meuble vasque suspendu, une vasque \u00e0 poser, un miroir simple et un luminaire LED. Le meuble vasque suspendu se compose de deux modules en panneau stratifi\u00e9 de 19 mm. Ces deux modules sont ind\u00e9pendants et modulables. Le module sup\u00e9rieur est con\u00e7u pour accueillir une vasque \u00e0 poser et un robinet. Il est dot\u00e9 d&rsquo;un tiroir avec siphon et fermeture amortie, s&rsquo;ouvrant gr\u00e2ce \u00e0 une poign\u00e9e profil\u00e9e. Le module inf\u00e9rieur est d\u00e9coratif et ouvert. L&rsquo;ensemble comprend une vasque \u00e0 poser en c\u00e9ramique blanche, un miroir simple et un luminaire LED. Il est livr\u00e9 mont\u00e9 et pr\u00eat \u00e0 \u00eatre fix\u00e9 au mur.       Fabriqu\u00e9 en Espagne.<\/p>\n","protected":false},"excerpt":{"rendered":"<p>Ensemble de salle de bains comprenant un meuble vasque suspendu, une vasque \u00e0 poser, un miroir simple et un luminaire LED. Le meuble vasque suspendu se compose de deux modules&#8230;<\/p>\n","protected":false},"featured_media":23826,"comment_status":"closed","ping_status":"closed","template":"","meta":[],"product_brand":[990],"product_cat":[1170],"product_tag":[],"class_list":{"0":"post-88452","1":"product","2":"type-product","3":"status-publish","4":"has-post-thumbnail","6":"product_brand-meije","7":"product_cat-muebles-de-bano","8":"pa_color-azabache","9":"pa_color-blanco-mate","10":"pa_color-nogal","11":"pa_color-roble","12":"pa_medidas-369","13":"pa_medidas-378","14":"pa_medidas-383","15":"pa_medidas-370","17":"first","18":"instock","19":"purchasable","20":"product-type-variable"},"_links":{"self":[{"href":"https:\/\/avantarea.com\/fr\/wp-json\/wp\/v2\/product\/88452","targetHints":{"allow":["GET"]}}],"collection":[{"href":"https:\/\/avantarea.com\/fr\/wp-json\/wp\/v2\/product"}],"about":[{"href":"https:\/\/avantarea.com\/fr\/wp-json\/wp\/v2\/types\/product"}],"replies":[{"embeddable":true,"href":"https:\/\/avantarea.com\/fr\/wp-json\/wp\/v2\/comments?post=88452"}],"wp:featuredmedia":[{"embeddable":true,"href":"https:\/\/avantarea.com\/fr\/wp-json\/wp\/v2\/media\/23826"}],"wp:attachment":[{"href":"https:\/\/avantarea.com\/fr\/wp-json\/wp\/v2\/media?parent=88452"}],"wp:term":[{"taxonomy":"product_brand","embeddable":true,"href":"https:\/\/avantarea.com\/fr\/wp-json\/wp\/v2\/product_brand?post=88452"},{"taxonomy":"product_cat","embeddable":true,"href":"https:\/\/avantarea.com\/fr\/wp-json\/wp\/v2\/product_cat?post=88452"},{"taxonomy":"product_tag","embeddable":true,"href":"https:\/\/avantarea.com\/fr\/wp-json\/wp\/v2\/product_tag?post=88452"}],"curies":[{"name":"wp","href":"https:\/\/api.w.org\/{rel}","templated":true}]}}