{"id":88420,"date":"2022-04-26T18:01:00","date_gmt":"2022-04-26T16:01:00","guid":{"rendered":"https:\/\/nueva.avantarea.com\/?post_type=product&#038;p=88420"},"modified":"2026-04-02T08:20:51","modified_gmt":"2026-04-02T06:20:51","slug":"pack-taillefer-lavabo-espejo-led-copia","status":"publish","type":"product","link":"https:\/\/avantarea.com\/fr\/producto\/pack-taillefer-lavabo-espejo-led-copia\/","title":{"rendered":"Pack TAILLEFER + lavabo + miroir LED"},"content":{"rendered":"<p>Ensemble de salle de bains comprenant un meuble-lavabo suspendu, une vasque \u00e0 poser et un miroir \u00e0 \u00e9clairage LED. Le meuble-lavabo suspendu est fabriqu\u00e9 en panneau stratifi\u00e9 de 19 mm et dispose d&rsquo;un tiroir \u00e0 fermeture amortie et d&rsquo;une structure en m\u00e9tal noir mat avec une \u00e9tag\u00e8re d\u00e9corative. Il comprend une vasque \u00e0 poser en c\u00e9ramique blanche et un miroir avec \u00e9clairage LED.   Il est livr\u00e9 assembl\u00e9 et pr\u00eat \u00e0 \u00eatre accroch\u00e9 au mur. Fabriqu\u00e9 en Espagne.<\/p>\n","protected":false},"excerpt":{"rendered":"<p>Ensemble de salle de bains comprenant un meuble-lavabo suspendu, une vasque \u00e0 poser et un miroir \u00e0 \u00e9clairage LED. Le meuble-lavabo suspendu est fabriqu\u00e9 en panneau stratifi\u00e9 de 19 mm&#8230;<\/p>\n","protected":false},"featured_media":23933,"comment_status":"closed","ping_status":"closed","template":"","meta":[],"product_brand":[992],"product_cat":[1170],"product_tag":[],"class_list":{"0":"post-88420","1":"product","2":"type-product","3":"status-publish","4":"has-post-thumbnail","6":"product_brand-taillefer","7":"product_cat-muebles-de-bano","8":"pa_color-azabache","9":"pa_color-blanco-mate","10":"pa_color-nogal","11":"pa_color-roble","12":"pa_medidas-369","13":"pa_medidas-378","14":"pa_medidas-370","16":"first","17":"instock","18":"purchasable","19":"product-type-variable"},"_links":{"self":[{"href":"https:\/\/avantarea.com\/fr\/wp-json\/wp\/v2\/product\/88420","targetHints":{"allow":["GET"]}}],"collection":[{"href":"https:\/\/avantarea.com\/fr\/wp-json\/wp\/v2\/product"}],"about":[{"href":"https:\/\/avantarea.com\/fr\/wp-json\/wp\/v2\/types\/product"}],"replies":[{"embeddable":true,"href":"https:\/\/avantarea.com\/fr\/wp-json\/wp\/v2\/comments?post=88420"}],"wp:featuredmedia":[{"embeddable":true,"href":"https:\/\/avantarea.com\/fr\/wp-json\/wp\/v2\/media\/23933"}],"wp:attachment":[{"href":"https:\/\/avantarea.com\/fr\/wp-json\/wp\/v2\/media?parent=88420"}],"wp:term":[{"taxonomy":"product_brand","embeddable":true,"href":"https:\/\/avantarea.com\/fr\/wp-json\/wp\/v2\/product_brand?post=88420"},{"taxonomy":"product_cat","embeddable":true,"href":"https:\/\/avantarea.com\/fr\/wp-json\/wp\/v2\/product_cat?post=88420"},{"taxonomy":"product_tag","embeddable":true,"href":"https:\/\/avantarea.com\/fr\/wp-json\/wp\/v2\/product_tag?post=88420"}],"curies":[{"name":"wp","href":"https:\/\/api.w.org\/{rel}","templated":true}]}}