{"id":88381,"date":"2022-04-26T18:03:31","date_gmt":"2022-04-26T16:03:31","guid":{"rendered":"https:\/\/nueva.avantarea.com\/?post_type=product&#038;p=88381"},"modified":"2026-04-01T16:58:09","modified_gmt":"2026-04-01T14:58:09","slug":"pack-mole-lavabo-gris-espejo-foco-led-copia","status":"publish","type":"product","link":"https:\/\/avantarea.com\/fr\/producto\/pack-mole-lavabo-gris-espejo-foco-led-copia\/","title":{"rendered":"Pack M\u00d4LE + lavabo gris + miroir + spot LED"},"content":{"rendered":"<p>Ensemble de salle de bains comprenant un meuble suspendu, un lavabo \u00e0 poser, un miroir et un luminaire LED. Meuble suspendu en panneau stratifi\u00e9 de 19 mm, formant un tiroir enti\u00e8rement extensible avec fermeture amortie et d\u00e9coupe pour siphon. Comprend un lavabo d\u00e9coratif en c\u00e9ramique \u00e0 finition terrazzo, un miroir simple et un luminaire LED. Il est livr\u00e9 assembl\u00e9 et pr\u00eat \u00e0 \u00eatre accroch\u00e9 au mur. Fabriqu\u00e9 en Espagne.<\/p>\n","protected":false},"excerpt":{"rendered":"<p>Ensemble de salle de bains comprenant un meuble suspendu, un lavabo \u00e0 poser, un miroir et un luminaire LED. Meuble suspendu en panneau stratifi\u00e9 de 19 mm, formant un tiroir&#8230;<\/p>\n","protected":false},"featured_media":24053,"comment_status":"closed","ping_status":"closed","template":"","meta":[],"product_brand":[993],"product_cat":[1170],"product_tag":[],"class_list":{"0":"post-88381","1":"product","2":"type-product","3":"status-publish","4":"has-post-thumbnail","6":"product_brand-mole","7":"product_cat-muebles-de-bano","8":"pa_color-azabache","9":"pa_color-blanco-mate","10":"pa_color-nogal","11":"pa_color-noir","12":"pa_color-roble","13":"pa_medidas-369","14":"pa_medidas-370","16":"first","17":"instock","18":"purchasable","19":"product-type-variable"},"_links":{"self":[{"href":"https:\/\/avantarea.com\/fr\/wp-json\/wp\/v2\/product\/88381","targetHints":{"allow":["GET"]}}],"collection":[{"href":"https:\/\/avantarea.com\/fr\/wp-json\/wp\/v2\/product"}],"about":[{"href":"https:\/\/avantarea.com\/fr\/wp-json\/wp\/v2\/types\/product"}],"replies":[{"embeddable":true,"href":"https:\/\/avantarea.com\/fr\/wp-json\/wp\/v2\/comments?post=88381"}],"wp:featuredmedia":[{"embeddable":true,"href":"https:\/\/avantarea.com\/fr\/wp-json\/wp\/v2\/media\/24053"}],"wp:attachment":[{"href":"https:\/\/avantarea.com\/fr\/wp-json\/wp\/v2\/media?parent=88381"}],"wp:term":[{"taxonomy":"product_brand","embeddable":true,"href":"https:\/\/avantarea.com\/fr\/wp-json\/wp\/v2\/product_brand?post=88381"},{"taxonomy":"product_cat","embeddable":true,"href":"https:\/\/avantarea.com\/fr\/wp-json\/wp\/v2\/product_cat?post=88381"},{"taxonomy":"product_tag","embeddable":true,"href":"https:\/\/avantarea.com\/fr\/wp-json\/wp\/v2\/product_tag?post=88381"}],"curies":[{"name":"wp","href":"https:\/\/api.w.org\/{rel}","templated":true}]}}