{"id":88349,"date":"2022-04-26T18:05:02","date_gmt":"2022-04-26T16:05:02","guid":{"rendered":"https:\/\/nueva.avantarea.com\/?post_type=product&#038;p=88349"},"modified":"2026-04-01T09:38:10","modified_gmt":"2026-04-01T07:38:10","slug":"pack-arves-lavabo-espejo-led-copia","status":"publish","type":"product","link":"https:\/\/avantarea.com\/fr\/producto\/pack-arves-lavabo-espejo-led-copia\/","title":{"rendered":"Pack ARVES + lavabo + miroir LED"},"content":{"rendered":"<p>Ensemble de salle de bain comprenant un meuble-lavabo suspendu, une vasque \u00e0 poser et un miroir \u00e0 \u00e9clairage LED. Le meuble-lavabo suspendu est fabriqu\u00e9 en panneau stratifi\u00e9 de 19 mm et dispose d&rsquo;un tiroir \u00e0 fermeture amortie et d&rsquo;une structure en m\u00e9tal noir mat avec une \u00e9tag\u00e8re d\u00e9corative. Il comprend une vasque \u00e0 poser en c\u00e9ramique blanche et un miroir avec \u00e9clairage LED. Le meuble-lavabo est livr\u00e9 mont\u00e9 et pr\u00eat \u00e0 \u00eatre fix\u00e9 au mur.    Fabriqu\u00e9 en Espagne.<\/p>\n","protected":false},"excerpt":{"rendered":"<p>Ensemble de salle de bain comprenant un meuble-lavabo suspendu, une vasque \u00e0 poser et un miroir \u00e0 \u00e9clairage LED. Le meuble-lavabo suspendu est fabriqu\u00e9 en panneau stratifi\u00e9 de 19 mm&#8230;<\/p>\n","protected":false},"featured_media":97927,"comment_status":"closed","ping_status":"closed","template":"","meta":[],"product_brand":[965],"product_cat":[1170],"product_tag":[],"class_list":{"0":"post-88349","1":"product","2":"type-product","3":"status-publish","4":"has-post-thumbnail","6":"product_brand-arves","7":"product_cat-muebles-de-bano","8":"pa_color-azabache","9":"pa_color-bardolino","10":"pa_color-blanco-mate","11":"pa_color-nogal","12":"pa_color-noir","13":"pa_medidas-369","14":"pa_medidas-378","15":"pa_medidas-370","17":"first","18":"instock","19":"purchasable","20":"product-type-variable"},"_links":{"self":[{"href":"https:\/\/avantarea.com\/fr\/wp-json\/wp\/v2\/product\/88349","targetHints":{"allow":["GET"]}}],"collection":[{"href":"https:\/\/avantarea.com\/fr\/wp-json\/wp\/v2\/product"}],"about":[{"href":"https:\/\/avantarea.com\/fr\/wp-json\/wp\/v2\/types\/product"}],"replies":[{"embeddable":true,"href":"https:\/\/avantarea.com\/fr\/wp-json\/wp\/v2\/comments?post=88349"}],"wp:featuredmedia":[{"embeddable":true,"href":"https:\/\/avantarea.com\/fr\/wp-json\/wp\/v2\/media\/97927"}],"wp:attachment":[{"href":"https:\/\/avantarea.com\/fr\/wp-json\/wp\/v2\/media?parent=88349"}],"wp:term":[{"taxonomy":"product_brand","embeddable":true,"href":"https:\/\/avantarea.com\/fr\/wp-json\/wp\/v2\/product_brand?post=88349"},{"taxonomy":"product_cat","embeddable":true,"href":"https:\/\/avantarea.com\/fr\/wp-json\/wp\/v2\/product_cat?post=88349"},{"taxonomy":"product_tag","embeddable":true,"href":"https:\/\/avantarea.com\/fr\/wp-json\/wp\/v2\/product_tag?post=88349"}],"curies":[{"name":"wp","href":"https:\/\/api.w.org\/{rel}","templated":true}]}}