{"id":88330,"date":"2022-04-26T18:07:15","date_gmt":"2022-04-26T16:07:15","guid":{"rendered":"https:\/\/nueva.avantarea.com\/?post_type=product&#038;p=88330"},"modified":"2026-04-02T07:37:02","modified_gmt":"2026-04-02T05:37:02","slug":"pack-nive-lavabo-espejo-led-copia","status":"publish","type":"product","link":"https:\/\/avantarea.com\/fr\/producto\/pack-nive-lavabo-espejo-led-copia\/","title":{"rendered":"Pack NIVE + lavabo + miroir LED"},"content":{"rendered":"<p>Pack compos\u00e9 d&rsquo;un meuble suspendu, d&rsquo;une vasque \u00e0 poser et d&rsquo;un miroir LED. Meuble vasque de salle de bains compos\u00e9 d&rsquo;un module avec un tiroir et une porte, s&rsquo;ouvrant au moyen d&rsquo;une poign\u00e9e verticale \u00e0 la finition contrast\u00e9e. Meuble fabriqu\u00e9 en panneau de particules m\u00e9lamin\u00e9 de 19mm. Tiroir de grande capacit\u00e9 \u00e0 extension compl\u00e8te et fermeture amortie. Porte \u00e0 fermeture amortie. Vasque \u00e0 poser en c\u00e9ramique blanc brillant. Miroir LED inclus IP44, 6000\u00baK, 9,6W, 880 lumens. Il est livr\u00e9 assembl\u00e9, pr\u00eat \u00e0 \u00eatre accroch\u00e9 au mur. Comprend toute la quincaillerie n\u00e9cessaire. Fabriqu\u00e9 en Espagne. Robinet et siphon non inclus.<\/p>\n","protected":false},"excerpt":{"rendered":"<p>Pack compos\u00e9 d&rsquo;un meuble suspendu, d&rsquo;une vasque \u00e0 poser et d&rsquo;un miroir LED. Meuble vasque de salle de bains compos\u00e9 d&rsquo;un module avec un tiroir et une porte, s&rsquo;ouvrant au&#8230;<\/p>\n","protected":false},"featured_media":19700,"comment_status":"closed","ping_status":"closed","template":"","meta":[],"product_brand":[970],"product_cat":[1170],"product_tag":[],"class_list":{"0":"post-88330","1":"product","2":"type-product","3":"status-publish","4":"has-post-thumbnail","6":"product_brand-nive","7":"product_cat-muebles-de-bano","8":"pa_color-azabache","9":"pa_color-blanco-mate","10":"pa_color-nogal","11":"pa_color-roble","12":"pa_medidas-370","14":"first","15":"instock","16":"purchasable","17":"product-type-variable"},"_links":{"self":[{"href":"https:\/\/avantarea.com\/fr\/wp-json\/wp\/v2\/product\/88330","targetHints":{"allow":["GET"]}}],"collection":[{"href":"https:\/\/avantarea.com\/fr\/wp-json\/wp\/v2\/product"}],"about":[{"href":"https:\/\/avantarea.com\/fr\/wp-json\/wp\/v2\/types\/product"}],"replies":[{"embeddable":true,"href":"https:\/\/avantarea.com\/fr\/wp-json\/wp\/v2\/comments?post=88330"}],"wp:featuredmedia":[{"embeddable":true,"href":"https:\/\/avantarea.com\/fr\/wp-json\/wp\/v2\/media\/19700"}],"wp:attachment":[{"href":"https:\/\/avantarea.com\/fr\/wp-json\/wp\/v2\/media?parent=88330"}],"wp:term":[{"taxonomy":"product_brand","embeddable":true,"href":"https:\/\/avantarea.com\/fr\/wp-json\/wp\/v2\/product_brand?post=88330"},{"taxonomy":"product_cat","embeddable":true,"href":"https:\/\/avantarea.com\/fr\/wp-json\/wp\/v2\/product_cat?post=88330"},{"taxonomy":"product_tag","embeddable":true,"href":"https:\/\/avantarea.com\/fr\/wp-json\/wp\/v2\/product_tag?post=88330"}],"curies":[{"name":"wp","href":"https:\/\/api.w.org\/{rel}","templated":true}]}}