{"id":88291,"date":"2022-04-26T18:09:45","date_gmt":"2022-04-26T16:09:45","guid":{"rendered":"https:\/\/nueva.avantarea.com\/?post_type=product&#038;p=88291"},"modified":"2026-04-01T09:12:15","modified_gmt":"2026-04-01T07:12:15","slug":"pack-andelle-lavabo-espejo-aplique-led-copia","status":"publish","type":"product","link":"https:\/\/avantarea.com\/fr\/producto\/pack-andelle-lavabo-espejo-aplique-led-copia\/","title":{"rendered":"Pack ANDELLE + lavabo + miroir + applique LED"},"content":{"rendered":"<p>Ensemble de salle de bain comprenant un meuble-lavabo suspendu, une vasque \u00e0 poser, un miroir simple et un luminaire LED. Le meuble-lavabo suspendu est en panneau stratifi\u00e9 de 19 mm et dispose d&rsquo;un tiroir \u00e0 fermeture amortie et \u00e0 extension compl\u00e8te. Sa fa\u00e7ade est laqu\u00e9e avec un motif d\u00e9coratif en relief. L&rsquo;ensemble comprend une vasque \u00e0 poser en c\u00e9ramique, un miroir simple et un luminaire LED. Il est livr\u00e9 pr\u00e9-assembl\u00e9 et pr\u00eat \u00e0 \u00eatre fix\u00e9 au mur.     Fabriqu\u00e9 en Espagne.<\/p>\n","protected":false},"excerpt":{"rendered":"<p>Ensemble de salle de bain comprenant un meuble-lavabo suspendu, une vasque \u00e0 poser, un miroir simple et un luminaire LED. Le meuble-lavabo suspendu est en panneau stratifi\u00e9 de 19 mm&#8230;<\/p>\n","protected":false},"featured_media":19671,"comment_status":"closed","ping_status":"closed","template":"","meta":[],"product_brand":[964],"product_cat":[1170],"product_tag":[],"class_list":{"0":"post-88291","1":"product","2":"type-product","3":"status-publish","4":"has-post-thumbnail","6":"product_brand-andelle","7":"product_cat-muebles-de-bano","8":"pa_color-azabache","9":"pa_color-bardolino","10":"pa_color-blanco-mate","11":"pa_color-nogal","12":"pa_color-sombra","13":"pa_medidas-369","14":"pa_medidas-378","15":"pa_medidas-383","16":"pa_medidas-370","18":"first","19":"instock","20":"purchasable","21":"product-type-variable"},"_links":{"self":[{"href":"https:\/\/avantarea.com\/fr\/wp-json\/wp\/v2\/product\/88291","targetHints":{"allow":["GET"]}}],"collection":[{"href":"https:\/\/avantarea.com\/fr\/wp-json\/wp\/v2\/product"}],"about":[{"href":"https:\/\/avantarea.com\/fr\/wp-json\/wp\/v2\/types\/product"}],"replies":[{"embeddable":true,"href":"https:\/\/avantarea.com\/fr\/wp-json\/wp\/v2\/comments?post=88291"}],"wp:featuredmedia":[{"embeddable":true,"href":"https:\/\/avantarea.com\/fr\/wp-json\/wp\/v2\/media\/19671"}],"wp:attachment":[{"href":"https:\/\/avantarea.com\/fr\/wp-json\/wp\/v2\/media?parent=88291"}],"wp:term":[{"taxonomy":"product_brand","embeddable":true,"href":"https:\/\/avantarea.com\/fr\/wp-json\/wp\/v2\/product_brand?post=88291"},{"taxonomy":"product_cat","embeddable":true,"href":"https:\/\/avantarea.com\/fr\/wp-json\/wp\/v2\/product_cat?post=88291"},{"taxonomy":"product_tag","embeddable":true,"href":"https:\/\/avantarea.com\/fr\/wp-json\/wp\/v2\/product_tag?post=88291"}],"curies":[{"name":"wp","href":"https:\/\/api.w.org\/{rel}","templated":true}]}}