{"id":88266,"date":"2022-04-26T18:11:05","date_gmt":"2022-04-26T16:11:05","guid":{"rendered":"https:\/\/nueva.avantarea.com\/?post_type=product&#038;p=88266"},"modified":"2026-04-01T16:07:30","modified_gmt":"2026-04-01T14:07:30","slug":"pack-madon-lavabo-espejo-circular-retroiluminado-copia","status":"publish","type":"product","link":"https:\/\/avantarea.com\/fr\/producto\/pack-madon-lavabo-espejo-circular-retroiluminado-copia\/","title":{"rendered":"Pack MADON + lavabo + miroir circulaire r\u00e9tro\u00e9clair\u00e9"},"content":{"rendered":"<p>Ensemble de salle de bain comprenant un meuble-lavabo suspendu, une vasque \u00e0 poser et un miroir circulaire r\u00e9tro\u00e9clair\u00e9 par LED. Le meuble-lavabo suspendu est fabriqu\u00e9 en panneau stratifi\u00e9 de 19 mm et est dot\u00e9 d&rsquo;une \u00e9tag\u00e8re d\u00e9corative. Il comprend une vasque \u00e0 poser en c\u00e9ramique \u00e0 l&rsquo;aspect marbr\u00e9 et un miroir circulaire r\u00e9tro\u00e9clair\u00e9. L&rsquo;ensemble est livr\u00e9 pr\u00e9-assembl\u00e9 et pr\u00eat \u00e0 \u00eatre fix\u00e9 au mur.    Fabriqu\u00e9 en Espagne.<\/p>\n","protected":false},"excerpt":{"rendered":"<p>Ensemble de salle de bain comprenant un meuble-lavabo suspendu, une vasque \u00e0 poser et un miroir circulaire r\u00e9tro\u00e9clair\u00e9 par LED. Le meuble-lavabo suspendu est fabriqu\u00e9 en panneau stratifi\u00e9 de 19&#8230;<\/p>\n","protected":false},"featured_media":122593,"comment_status":"closed","ping_status":"closed","template":"","meta":[],"product_brand":[994],"product_cat":[1170],"product_tag":[],"class_list":{"0":"post-88266","1":"product","2":"type-product","3":"status-publish","4":"has-post-thumbnail","6":"product_brand-madon","7":"product_cat-muebles-de-bano","8":"pa_color-azabache","9":"pa_color-bardolino","10":"pa_color-blanco-mate","11":"pa_color-gris","12":"pa_color-nogal","13":"pa_color-noir","14":"pa_color-sombra","15":"pa_medidas-378","16":"pa_medidas-383","17":"pa_medidas-370","19":"first","20":"instock","21":"purchasable","22":"product-type-variable"},"_links":{"self":[{"href":"https:\/\/avantarea.com\/fr\/wp-json\/wp\/v2\/product\/88266","targetHints":{"allow":["GET"]}}],"collection":[{"href":"https:\/\/avantarea.com\/fr\/wp-json\/wp\/v2\/product"}],"about":[{"href":"https:\/\/avantarea.com\/fr\/wp-json\/wp\/v2\/types\/product"}],"replies":[{"embeddable":true,"href":"https:\/\/avantarea.com\/fr\/wp-json\/wp\/v2\/comments?post=88266"}],"wp:featuredmedia":[{"embeddable":true,"href":"https:\/\/avantarea.com\/fr\/wp-json\/wp\/v2\/media\/122593"}],"wp:attachment":[{"href":"https:\/\/avantarea.com\/fr\/wp-json\/wp\/v2\/media?parent=88266"}],"wp:term":[{"taxonomy":"product_brand","embeddable":true,"href":"https:\/\/avantarea.com\/fr\/wp-json\/wp\/v2\/product_brand?post=88266"},{"taxonomy":"product_cat","embeddable":true,"href":"https:\/\/avantarea.com\/fr\/wp-json\/wp\/v2\/product_cat?post=88266"},{"taxonomy":"product_tag","embeddable":true,"href":"https:\/\/avantarea.com\/fr\/wp-json\/wp\/v2\/product_tag?post=88266"}],"curies":[{"name":"wp","href":"https:\/\/api.w.org\/{rel}","templated":true}]}}