{"id":88257,"date":"2022-04-26T18:12:39","date_gmt":"2022-04-26T16:12:39","guid":{"rendered":"https:\/\/nueva.avantarea.com\/?post_type=product&#038;p=88257"},"modified":"2026-04-01T13:46:35","modified_gmt":"2026-04-01T11:46:35","slug":"pack-galos-lavabo-copia","status":"publish","type":"product","link":"https:\/\/avantarea.com\/fr\/producto\/pack-galos-lavabo-copia\/","title":{"rendered":"Pack GALOS + lavabo"},"content":{"rendered":"<p>Ensemble compos\u00e9 de meubles de salle de bains en panneaux de particules stratifi\u00e9s blanc mat de 19 mm, comprenant un tiroir de grande capacit\u00e9, enti\u00e8rement amovible et \u00e0 fermeture douce. Dessus du meuble assorti \u00e0 la vasque en c\u00e9ramique incluse. Fabriqu\u00e9 en Espagne.<\/p>\n","protected":false},"excerpt":{"rendered":"<p>Ensemble compos\u00e9 de meubles de salle de bains en panneaux de particules stratifi\u00e9s blanc mat de 19 mm, comprenant un tiroir de grande capacit\u00e9, enti\u00e8rement amovible et \u00e0 fermeture douce&#8230;.<\/p>\n","protected":false},"featured_media":24295,"comment_status":"closed","ping_status":"closed","template":"","meta":[],"product_brand":[974],"product_cat":[1170],"product_tag":[],"class_list":{"0":"post-88257","1":"product","2":"type-product","3":"status-publish","4":"has-post-thumbnail","6":"product_brand-galos","7":"product_cat-muebles-de-bano","8":"pa_color-noir","9":"pa_color-sombra","10":"pa_medidas-369","11":"pa_medidas-378","12":"pa_medidas-383","13":"pa_medidas-370","15":"first","16":"instock","17":"purchasable","18":"product-type-variable"},"_links":{"self":[{"href":"https:\/\/avantarea.com\/fr\/wp-json\/wp\/v2\/product\/88257","targetHints":{"allow":["GET"]}}],"collection":[{"href":"https:\/\/avantarea.com\/fr\/wp-json\/wp\/v2\/product"}],"about":[{"href":"https:\/\/avantarea.com\/fr\/wp-json\/wp\/v2\/types\/product"}],"replies":[{"embeddable":true,"href":"https:\/\/avantarea.com\/fr\/wp-json\/wp\/v2\/comments?post=88257"}],"wp:featuredmedia":[{"embeddable":true,"href":"https:\/\/avantarea.com\/fr\/wp-json\/wp\/v2\/media\/24295"}],"wp:attachment":[{"href":"https:\/\/avantarea.com\/fr\/wp-json\/wp\/v2\/media?parent=88257"}],"wp:term":[{"taxonomy":"product_brand","embeddable":true,"href":"https:\/\/avantarea.com\/fr\/wp-json\/wp\/v2\/product_brand?post=88257"},{"taxonomy":"product_cat","embeddable":true,"href":"https:\/\/avantarea.com\/fr\/wp-json\/wp\/v2\/product_cat?post=88257"},{"taxonomy":"product_tag","embeddable":true,"href":"https:\/\/avantarea.com\/fr\/wp-json\/wp\/v2\/product_tag?post=88257"}],"curies":[{"name":"wp","href":"https:\/\/api.w.org\/{rel}","templated":true}]}}