{"id":88208,"date":"2022-04-26T18:14:31","date_gmt":"2022-04-26T16:14:31","guid":{"rendered":"https:\/\/nueva.avantarea.com\/?post_type=product&#038;p=88208"},"modified":"2026-02-23T09:01:50","modified_gmt":"2026-02-23T08:01:50","slug":"espejo-lorena-1150-x-800-copia","status":"publish","type":"product","link":"https:\/\/avantarea.com\/fr\/producto\/espejo-lorena-1150-x-800-copia\/","title":{"rendered":"Miroir LORENA 1150 x 800"},"content":{"rendered":"<p>Miroir de salle de bain au design d\u00e9coratif, \u00e9clairage int\u00e9gr\u00e9 et antibu\u00e9e. Id\u00e9al pour s&rsquo;harmoniser avec les \u00e9l\u00e9ments de la salle de bain. \u00c9clairage homog\u00e8ne. 2 antibu\u00e9es. Lumi\u00e8re naturelle 4000K. Puissance 20W, 457 lumens. Protection IP44. 4 positions possibles. Faible impact environnemental.<\/p>\n","protected":false},"excerpt":{"rendered":"<p>Miroir de salle de bain au design d\u00e9coratif, \u00e9clairage int\u00e9gr\u00e9 et antibu\u00e9e. Id\u00e9al pour s&rsquo;harmoniser avec les \u00e9l\u00e9ments de la salle de bain. \u00c9clairage homog\u00e8ne. 2 antibu\u00e9es. Lumi\u00e8re naturelle 4000K&#8230;.<\/p>\n","protected":false},"featured_media":17637,"comment_status":"closed","ping_status":"open","template":"","meta":[],"product_brand":[957],"product_cat":[575],"product_tag":[],"class_list":{"0":"post-88208","1":"product","2":"type-product","3":"status-publish","4":"has-post-thumbnail","6":"product_brand-espejos","7":"product_cat-accesorios","8":"product_shipping_class-t20","10":"first","11":"instock","12":"purchasable","13":"product-type-simple"},"_links":{"self":[{"href":"https:\/\/avantarea.com\/fr\/wp-json\/wp\/v2\/product\/88208","targetHints":{"allow":["GET"]}}],"collection":[{"href":"https:\/\/avantarea.com\/fr\/wp-json\/wp\/v2\/product"}],"about":[{"href":"https:\/\/avantarea.com\/fr\/wp-json\/wp\/v2\/types\/product"}],"replies":[{"embeddable":true,"href":"https:\/\/avantarea.com\/fr\/wp-json\/wp\/v2\/comments?post=88208"}],"wp:featuredmedia":[{"embeddable":true,"href":"https:\/\/avantarea.com\/fr\/wp-json\/wp\/v2\/media\/17637"}],"wp:attachment":[{"href":"https:\/\/avantarea.com\/fr\/wp-json\/wp\/v2\/media?parent=88208"}],"wp:term":[{"taxonomy":"product_brand","embeddable":true,"href":"https:\/\/avantarea.com\/fr\/wp-json\/wp\/v2\/product_brand?post=88208"},{"taxonomy":"product_cat","embeddable":true,"href":"https:\/\/avantarea.com\/fr\/wp-json\/wp\/v2\/product_cat?post=88208"},{"taxonomy":"product_tag","embeddable":true,"href":"https:\/\/avantarea.com\/fr\/wp-json\/wp\/v2\/product_tag?post=88208"}],"curies":[{"name":"wp","href":"https:\/\/api.w.org\/{rel}","templated":true}]}}