{"id":88175,"date":"2022-04-28T13:13:43","date_gmt":"2022-04-28T11:13:43","guid":{"rendered":"https:\/\/nueva.avantarea.com\/?post_type=product&#038;p=88175"},"modified":"2026-02-25T11:17:16","modified_gmt":"2026-02-25T10:17:16","slug":"complemento-cannes-copia","status":"publish","type":"product","link":"https:\/\/avantarea.com\/fr\/producto\/complemento-cannes-copia\/","title":{"rendered":"Compl\u00e9ment CANNES"},"content":{"rendered":"<p>Meuble d&rsquo;appoint de salle de bain de 36&#215;140 cm enti\u00e8rement r\u00e9alis\u00e9 en mat\u00e9riau stratifi\u00e9 avec micro-relief et \u00e9quip\u00e9 d&rsquo;une fermeture softclosing. Caisson finition stratifi\u00e9 lisse, portes inclin\u00e9es en bois. \u00c9tag\u00e8res int\u00e9rieures incluses. Charni\u00e8res avec fermeture softclosing test\u00e9es \u00e0 80.000 cycles, r\u00e9glables sur les trois axes. Fixations murales capables de supporter jusqu&rsquo;\u00e0 30 Kg par fixation. Chants r\u00e9alis\u00e9s en PVC de 1mm. Fabriqu\u00e9 en Espagne.<\/p>\n","protected":false},"excerpt":{"rendered":"<p>Meuble d&rsquo;appoint de salle de bain de 36&#215;140 cm enti\u00e8rement r\u00e9alis\u00e9 en mat\u00e9riau stratifi\u00e9 avec micro-relief et \u00e9quip\u00e9 d&rsquo;une fermeture softclosing. Caisson finition stratifi\u00e9 lisse, portes inclin\u00e9es en bois. \u00c9tag\u00e8res&#8230;<\/p>\n","protected":false},"featured_media":19622,"comment_status":"closed","ping_status":"closed","template":"","meta":[],"product_brand":[956],"product_cat":[576],"product_tag":[],"class_list":{"0":"post-88175","1":"product","2":"type-product","3":"status-publish","4":"has-post-thumbnail","6":"product_brand-cannes","7":"product_cat-muebles-auxiliares","8":"pa_color-azabache","9":"pa_color-nogal","10":"pa_color-roble","11":"pa_medidas-452","13":"first","14":"instock","15":"purchasable","16":"product-type-variable"},"_links":{"self":[{"href":"https:\/\/avantarea.com\/fr\/wp-json\/wp\/v2\/product\/88175","targetHints":{"allow":["GET"]}}],"collection":[{"href":"https:\/\/avantarea.com\/fr\/wp-json\/wp\/v2\/product"}],"about":[{"href":"https:\/\/avantarea.com\/fr\/wp-json\/wp\/v2\/types\/product"}],"replies":[{"embeddable":true,"href":"https:\/\/avantarea.com\/fr\/wp-json\/wp\/v2\/comments?post=88175"}],"wp:featuredmedia":[{"embeddable":true,"href":"https:\/\/avantarea.com\/fr\/wp-json\/wp\/v2\/media\/19622"}],"wp:attachment":[{"href":"https:\/\/avantarea.com\/fr\/wp-json\/wp\/v2\/media?parent=88175"}],"wp:term":[{"taxonomy":"product_brand","embeddable":true,"href":"https:\/\/avantarea.com\/fr\/wp-json\/wp\/v2\/product_brand?post=88175"},{"taxonomy":"product_cat","embeddable":true,"href":"https:\/\/avantarea.com\/fr\/wp-json\/wp\/v2\/product_cat?post=88175"},{"taxonomy":"product_tag","embeddable":true,"href":"https:\/\/avantarea.com\/fr\/wp-json\/wp\/v2\/product_tag?post=88175"}],"curies":[{"name":"wp","href":"https:\/\/api.w.org\/{rel}","templated":true}]}}