{"id":88162,"date":"2022-04-28T13:13:59","date_gmt":"2022-04-28T11:13:59","guid":{"rendered":"https:\/\/nueva.avantarea.com\/?post_type=product&#038;p=88162"},"modified":"2026-04-01T11:27:22","modified_gmt":"2026-04-01T09:27:22","slug":"pack-cannes-lavabo-espejo-led-copia","status":"publish","type":"product","link":"https:\/\/avantarea.com\/fr\/producto\/pack-cannes-lavabo-espejo-led-copia\/","title":{"rendered":"Pack CANNES + lavabo + miroir LED"},"content":{"rendered":"<p>Ce meuble-lavabo, en stratifi\u00e9 r\u00e9sistant \u00e0 l&rsquo;eau, est dot\u00e9 d&rsquo;une porte en stratifi\u00e9 imitation bois avec fermeture amortie et d&rsquo;une \u00e9tag\u00e8re d\u00e9corative. Il comprend \u00e9galement une vasque \u00e0 poser en c\u00e9ramique blanche et un miroir avec \u00e9clairage LED.   Fabriqu\u00e9 en Espagne.<\/p>\n","protected":false},"excerpt":{"rendered":"<p>Ce meuble-lavabo, en stratifi\u00e9 r\u00e9sistant \u00e0 l&rsquo;eau, est dot\u00e9 d&rsquo;une porte en stratifi\u00e9 imitation bois avec fermeture amortie et d&rsquo;une \u00e9tag\u00e8re d\u00e9corative. Il comprend \u00e9galement une vasque \u00e0 poser en&#8230;<\/p>\n","protected":false},"featured_media":94979,"comment_status":"closed","ping_status":"closed","template":"","meta":[],"product_brand":[956],"product_cat":[1170],"product_tag":[],"class_list":{"0":"post-88162","1":"product","2":"type-product","3":"status-publish","4":"has-post-thumbnail","6":"product_brand-cannes","7":"product_cat-muebles-de-bano","8":"pa_color-azabache","9":"pa_color-bardolino","10":"pa_color-nogal","11":"pa_medidas-369","12":"pa_medidas-378","13":"pa_medidas-370","15":"first","16":"instock","17":"purchasable","18":"product-type-variable"},"_links":{"self":[{"href":"https:\/\/avantarea.com\/fr\/wp-json\/wp\/v2\/product\/88162","targetHints":{"allow":["GET"]}}],"collection":[{"href":"https:\/\/avantarea.com\/fr\/wp-json\/wp\/v2\/product"}],"about":[{"href":"https:\/\/avantarea.com\/fr\/wp-json\/wp\/v2\/types\/product"}],"replies":[{"embeddable":true,"href":"https:\/\/avantarea.com\/fr\/wp-json\/wp\/v2\/comments?post=88162"}],"wp:featuredmedia":[{"embeddable":true,"href":"https:\/\/avantarea.com\/fr\/wp-json\/wp\/v2\/media\/94979"}],"wp:attachment":[{"href":"https:\/\/avantarea.com\/fr\/wp-json\/wp\/v2\/media?parent=88162"}],"wp:term":[{"taxonomy":"product_brand","embeddable":true,"href":"https:\/\/avantarea.com\/fr\/wp-json\/wp\/v2\/product_brand?post=88162"},{"taxonomy":"product_cat","embeddable":true,"href":"https:\/\/avantarea.com\/fr\/wp-json\/wp\/v2\/product_cat?post=88162"},{"taxonomy":"product_tag","embeddable":true,"href":"https:\/\/avantarea.com\/fr\/wp-json\/wp\/v2\/product_tag?post=88162"}],"curies":[{"name":"wp","href":"https:\/\/api.w.org\/{rel}","templated":true}]}}