{"id":88117,"date":"2022-04-28T13:16:08","date_gmt":"2022-04-28T11:16:08","guid":{"rendered":"https:\/\/nueva.avantarea.com\/?post_type=product&#038;p=88117"},"modified":"2026-02-25T11:16:22","modified_gmt":"2026-02-25T10:16:22","slug":"pack-metal-cannes-plus-lavabo-espejo-led-copia","status":"publish","type":"product","link":"https:\/\/avantarea.com\/fr\/producto\/pack-metal-cannes-plus-lavabo-espejo-led-copia\/","title":{"rendered":"Pack METAL CANNES PLUS + lavabo + miroir LED"},"content":{"rendered":"<p>Pack compos\u00e9 d&rsquo;un meuble de salle de bain fabriqu\u00e9 en panneau de particules m\u00e9lamin\u00e9 de 19mm avec une porte et un tiroir inf\u00e9rieur \u00e0 fermeture douce et une structure m\u00e9tallique finition noir mat. Vasque \u00e0 poser en c\u00e9ramique blanche incluse. Miroir avec \u00e9clairage LED int\u00e9gr\u00e9 inclus, IP54, 6000\u00baK, 8,5W, 920 lumens. Fabriqu\u00e9 en Espagne.<\/p>\n","protected":false},"excerpt":{"rendered":"<p>Pack compos\u00e9 d&rsquo;un meuble de salle de bain fabriqu\u00e9 en panneau de particules m\u00e9lamin\u00e9 de 19mm avec une porte et un tiroir inf\u00e9rieur \u00e0 fermeture douce et une structure m\u00e9tallique&#8230;<\/p>\n","protected":false},"featured_media":117036,"comment_status":"closed","ping_status":"closed","template":"","meta":[],"product_brand":[956],"product_cat":[1170],"product_tag":[],"class_list":{"0":"post-88117","1":"product","2":"type-product","3":"status-publish","4":"has-post-thumbnail","6":"product_brand-cannes","7":"product_cat-muebles-de-bano","8":"pa_color-azabache","9":"pa_color-bardolino","10":"pa_color-nogal","11":"pa_medidas-369","12":"pa_medidas-378","13":"pa_medidas-370","15":"first","16":"instock","17":"purchasable","18":"product-type-variable"},"_links":{"self":[{"href":"https:\/\/avantarea.com\/fr\/wp-json\/wp\/v2\/product\/88117","targetHints":{"allow":["GET"]}}],"collection":[{"href":"https:\/\/avantarea.com\/fr\/wp-json\/wp\/v2\/product"}],"about":[{"href":"https:\/\/avantarea.com\/fr\/wp-json\/wp\/v2\/types\/product"}],"replies":[{"embeddable":true,"href":"https:\/\/avantarea.com\/fr\/wp-json\/wp\/v2\/comments?post=88117"}],"wp:featuredmedia":[{"embeddable":true,"href":"https:\/\/avantarea.com\/fr\/wp-json\/wp\/v2\/media\/117036"}],"wp:attachment":[{"href":"https:\/\/avantarea.com\/fr\/wp-json\/wp\/v2\/media?parent=88117"}],"wp:term":[{"taxonomy":"product_brand","embeddable":true,"href":"https:\/\/avantarea.com\/fr\/wp-json\/wp\/v2\/product_brand?post=88117"},{"taxonomy":"product_cat","embeddable":true,"href":"https:\/\/avantarea.com\/fr\/wp-json\/wp\/v2\/product_cat?post=88117"},{"taxonomy":"product_tag","embeddable":true,"href":"https:\/\/avantarea.com\/fr\/wp-json\/wp\/v2\/product_tag?post=88117"}],"curies":[{"name":"wp","href":"https:\/\/api.w.org\/{rel}","templated":true}]}}