{"id":88104,"date":"2022-04-28T13:16:50","date_gmt":"2022-04-28T11:16:50","guid":{"rendered":"https:\/\/nueva.avantarea.com\/?post_type=product&#038;p=88104"},"modified":"2026-02-25T11:16:02","modified_gmt":"2026-02-25T10:16:02","slug":"pack-alpes-lavabo-espejo-led-copia","status":"publish","type":"product","link":"https:\/\/avantarea.com\/fr\/producto\/pack-alpes-lavabo-espejo-led-copia\/","title":{"rendered":"Pack ALPES + lavabo + miroir LED"},"content":{"rendered":"<p>Pack compos\u00e9 d&rsquo;un meuble de salle de bain, d&rsquo;une vasque et d&rsquo;un miroir. Meuble de salle de bain fabriqu\u00e9 en panneau de particules m\u00e9lamin\u00e9 de 19mm avec un tiroir de grande capacit\u00e9, enti\u00e8rement extractible et \u00e0 fermeture douce, et des espaces d\u00e9coratifs. Vasque \u00e0 poser en c\u00e9ramique blanche. Miroir avec \u00e9clairage LED int\u00e9gr\u00e9 inclus IP65, 6000\u00baK, 10,8W, 1170 lumens. Fabriqu\u00e9 en Espagne. Robinet non inclus.<\/p>\n","protected":false},"excerpt":{"rendered":"<p>Pack compos\u00e9 d&rsquo;un meuble de salle de bain, d&rsquo;une vasque et d&rsquo;un miroir. Meuble de salle de bain fabriqu\u00e9 en panneau de particules m\u00e9lamin\u00e9 de 19mm avec un tiroir de&#8230;<\/p>\n","protected":false},"featured_media":17495,"comment_status":"closed","ping_status":"open","template":"","meta":[],"product_brand":[955],"product_cat":[577],"product_tag":[],"class_list":{"0":"post-88104","1":"product","2":"type-product","3":"status-publish","4":"has-post-thumbnail","6":"product_brand-alpes","7":"product_cat-muebles-de-bano","8":"pa_color-azabache","9":"pa_color-bardolino","10":"pa_color-blanc","11":"pa_color-noyer","12":"pa_medidas-369","13":"pa_medidas-378","14":"pa_medidas-370","16":"first","17":"instock","18":"purchasable","19":"product-type-variable"},"_links":{"self":[{"href":"https:\/\/avantarea.com\/fr\/wp-json\/wp\/v2\/product\/88104","targetHints":{"allow":["GET"]}}],"collection":[{"href":"https:\/\/avantarea.com\/fr\/wp-json\/wp\/v2\/product"}],"about":[{"href":"https:\/\/avantarea.com\/fr\/wp-json\/wp\/v2\/types\/product"}],"replies":[{"embeddable":true,"href":"https:\/\/avantarea.com\/fr\/wp-json\/wp\/v2\/comments?post=88104"}],"wp:featuredmedia":[{"embeddable":true,"href":"https:\/\/avantarea.com\/fr\/wp-json\/wp\/v2\/media\/17495"}],"wp:attachment":[{"href":"https:\/\/avantarea.com\/fr\/wp-json\/wp\/v2\/media?parent=88104"}],"wp:term":[{"taxonomy":"product_brand","embeddable":true,"href":"https:\/\/avantarea.com\/fr\/wp-json\/wp\/v2\/product_brand?post=88104"},{"taxonomy":"product_cat","embeddable":true,"href":"https:\/\/avantarea.com\/fr\/wp-json\/wp\/v2\/product_cat?post=88104"},{"taxonomy":"product_tag","embeddable":true,"href":"https:\/\/avantarea.com\/fr\/wp-json\/wp\/v2\/product_tag?post=88104"}],"curies":[{"name":"wp","href":"https:\/\/api.w.org\/{rel}","templated":true}]}}