{"id":88099,"date":"2022-04-28T13:17:35","date_gmt":"2022-04-28T11:17:35","guid":{"rendered":"https:\/\/nueva.avantarea.com\/?post_type=product&#038;p=88099"},"modified":"2026-02-25T11:15:37","modified_gmt":"2026-02-25T10:15:37","slug":"pack-alpes-doble-lavabo-espejo-led-copia","status":"publish","type":"product","link":"https:\/\/avantarea.com\/fr\/producto\/pack-alpes-doble-lavabo-espejo-led-copia\/","title":{"rendered":"Pack ALPES + double vasque + miroir LED"},"content":{"rendered":"<p>Pack compos\u00e9 d&rsquo;un meuble de salle de bain, d&rsquo;un lavabo et d&rsquo;un miroir. Meuble de salle de bain fabriqu\u00e9 en panneau de particules m\u00e9lamin\u00e9 de 19mm avec deux tiroirs de grande capacit\u00e9, enti\u00e8rement extractibles et \u00e0 fermeture douce, et des espaces d\u00e9coratifs. Double vasque \u00e0 poser en c\u00e9ramique blanche. Miroir avec \u00e9clairage LED int\u00e9gr\u00e9 inclus IP65, 6000\u00baK, 10,8W, 1170 lumens. Fabriqu\u00e9 en Espagne. Robinet non inclus.<\/p>\n","protected":false},"excerpt":{"rendered":"<p>Pack compos\u00e9 d&rsquo;un meuble de salle de bain, d&rsquo;un lavabo et d&rsquo;un miroir. Meuble de salle de bain fabriqu\u00e9 en panneau de particules m\u00e9lamin\u00e9 de 19mm avec deux tiroirs de&#8230;<\/p>\n","protected":false},"featured_media":17485,"comment_status":"closed","ping_status":"open","template":"","meta":[],"product_brand":[955],"product_cat":[577],"product_tag":[],"class_list":{"0":"post-88099","1":"product","2":"type-product","3":"status-publish","4":"has-post-thumbnail","6":"product_brand-alpes","7":"product_cat-muebles-de-bano","8":"pa_color-azabache","9":"pa_color-bardolino","10":"pa_color-blanco","11":"pa_color-noyer","12":"pa_medidas-492","14":"first","15":"instock","16":"purchasable","17":"product-type-variable"},"_links":{"self":[{"href":"https:\/\/avantarea.com\/fr\/wp-json\/wp\/v2\/product\/88099","targetHints":{"allow":["GET"]}}],"collection":[{"href":"https:\/\/avantarea.com\/fr\/wp-json\/wp\/v2\/product"}],"about":[{"href":"https:\/\/avantarea.com\/fr\/wp-json\/wp\/v2\/types\/product"}],"replies":[{"embeddable":true,"href":"https:\/\/avantarea.com\/fr\/wp-json\/wp\/v2\/comments?post=88099"}],"wp:featuredmedia":[{"embeddable":true,"href":"https:\/\/avantarea.com\/fr\/wp-json\/wp\/v2\/media\/17485"}],"wp:attachment":[{"href":"https:\/\/avantarea.com\/fr\/wp-json\/wp\/v2\/media?parent=88099"}],"wp:term":[{"taxonomy":"product_brand","embeddable":true,"href":"https:\/\/avantarea.com\/fr\/wp-json\/wp\/v2\/product_brand?post=88099"},{"taxonomy":"product_cat","embeddable":true,"href":"https:\/\/avantarea.com\/fr\/wp-json\/wp\/v2\/product_cat?post=88099"},{"taxonomy":"product_tag","embeddable":true,"href":"https:\/\/avantarea.com\/fr\/wp-json\/wp\/v2\/product_tag?post=88099"}],"curies":[{"name":"wp","href":"https:\/\/api.w.org\/{rel}","templated":true}]}}