{"id":88094,"date":"2022-04-28T13:17:54","date_gmt":"2022-04-28T11:17:54","guid":{"rendered":"https:\/\/nueva.avantarea.com\/?post_type=product&#038;p=88094"},"modified":"2026-02-25T11:15:20","modified_gmt":"2026-02-25T10:15:20","slug":"complemento-alpes-copia","status":"publish","type":"product","link":"https:\/\/avantarea.com\/fr\/producto\/complemento-alpes-copia\/","title":{"rendered":"Accessoire ALPES"},"content":{"rendered":"<p>Meuble d&rsquo;appoint de salle de bain de 36&#215;140 cm enti\u00e8rement fabriqu\u00e9 en mat\u00e9riau stratifi\u00e9 de 19mm. \u00c9tag\u00e8res int\u00e9rieures incluses. Charni\u00e8res avec fermeture amortie test\u00e9es \u00e0 80 000 cycles, r\u00e9glables sur les trois axes. Fixations murales capables de supporter jusqu&rsquo;\u00e0 30 Kg par fixation. Chants en PVC de 1mm. Fabriqu\u00e9 en Espagne.<\/p>\n","protected":false},"excerpt":{"rendered":"<p>Meuble d&rsquo;appoint de salle de bain de 36&#215;140 cm enti\u00e8rement fabriqu\u00e9 en mat\u00e9riau stratifi\u00e9 de 19mm. \u00c9tag\u00e8res int\u00e9rieures incluses. Charni\u00e8res avec fermeture amortie test\u00e9es \u00e0 80 000 cycles, r\u00e9glables sur&#8230;<\/p>\n","protected":false},"featured_media":17475,"comment_status":"closed","ping_status":"open","template":"","meta":[],"product_brand":[955],"product_cat":[576],"product_tag":[],"class_list":{"0":"post-88094","1":"product","2":"type-product","3":"status-publish","4":"has-post-thumbnail","6":"product_brand-alpes","7":"product_cat-muebles-auxiliares","8":"pa_color-azabache","9":"pa_color-blanco","10":"pa_color-chene","11":"pa_color-noyer","12":"pa_medidas-452","14":"first","15":"instock","16":"purchasable","17":"product-type-variable"},"_links":{"self":[{"href":"https:\/\/avantarea.com\/fr\/wp-json\/wp\/v2\/product\/88094","targetHints":{"allow":["GET"]}}],"collection":[{"href":"https:\/\/avantarea.com\/fr\/wp-json\/wp\/v2\/product"}],"about":[{"href":"https:\/\/avantarea.com\/fr\/wp-json\/wp\/v2\/types\/product"}],"replies":[{"embeddable":true,"href":"https:\/\/avantarea.com\/fr\/wp-json\/wp\/v2\/comments?post=88094"}],"wp:featuredmedia":[{"embeddable":true,"href":"https:\/\/avantarea.com\/fr\/wp-json\/wp\/v2\/media\/17475"}],"wp:attachment":[{"href":"https:\/\/avantarea.com\/fr\/wp-json\/wp\/v2\/media?parent=88094"}],"wp:term":[{"taxonomy":"product_brand","embeddable":true,"href":"https:\/\/avantarea.com\/fr\/wp-json\/wp\/v2\/product_brand?post=88094"},{"taxonomy":"product_cat","embeddable":true,"href":"https:\/\/avantarea.com\/fr\/wp-json\/wp\/v2\/product_cat?post=88094"},{"taxonomy":"product_tag","embeddable":true,"href":"https:\/\/avantarea.com\/fr\/wp-json\/wp\/v2\/product_tag?post=88094"}],"curies":[{"name":"wp","href":"https:\/\/api.w.org\/{rel}","templated":true}]}}