{"id":88087,"date":"2022-04-28T13:18:53","date_gmt":"2022-04-28T11:18:53","guid":{"rendered":"https:\/\/nueva.avantarea.com\/?post_type=product&#038;p=88087"},"modified":"2026-02-25T11:14:50","modified_gmt":"2026-02-25T10:14:50","slug":"complemento-linea-copia","status":"publish","type":"product","link":"https:\/\/avantarea.com\/fr\/producto\/complemento-linea-copia\/","title":{"rendered":"Compl\u00e9ment LINEA"},"content":{"rendered":"<p>Meuble d&rsquo;appoint de salle de bain de 35&#215;140 fabriqu\u00e9 en panneau stratifi\u00e9 de 19 mm avec deux portes \u00e0 fermeture amortie et un espace d\u00e9coratif. Charni\u00e8res avec fermeture soft-closing, test\u00e9es \u00e0 80 000 cycles, r\u00e9glables sur les trois axes. Fixations murales capables de supporter jusqu&rsquo;\u00e0 30 Kg par fixation. Chants r\u00e9alis\u00e9s en PVC de 1 mm. Fabriqu\u00e9 en Espagne.Made in Spain<\/p>\n","protected":false},"excerpt":{"rendered":"<p>Meuble d&rsquo;appoint de salle de bain de 35&#215;140 fabriqu\u00e9 en panneau stratifi\u00e9 de 19 mm avec deux portes \u00e0 fermeture amortie et un espace d\u00e9coratif. Charni\u00e8res avec fermeture soft-closing, test\u00e9es&#8230;<\/p>\n","protected":false},"featured_media":19569,"comment_status":"closed","ping_status":"closed","template":"","meta":[],"product_brand":[950],"product_cat":[1175],"product_tag":[],"class_list":{"0":"post-88087","1":"product","2":"type-product","3":"status-publish","4":"has-post-thumbnail","6":"product_brand-linea","7":"product_cat-mobilier-dappoint","8":"pa_color-roble","9":"pa_medidas-452","11":"first","12":"instock","13":"purchasable","14":"product-type-variable"},"_links":{"self":[{"href":"https:\/\/avantarea.com\/fr\/wp-json\/wp\/v2\/product\/88087","targetHints":{"allow":["GET"]}}],"collection":[{"href":"https:\/\/avantarea.com\/fr\/wp-json\/wp\/v2\/product"}],"about":[{"href":"https:\/\/avantarea.com\/fr\/wp-json\/wp\/v2\/types\/product"}],"replies":[{"embeddable":true,"href":"https:\/\/avantarea.com\/fr\/wp-json\/wp\/v2\/comments?post=88087"}],"wp:featuredmedia":[{"embeddable":true,"href":"https:\/\/avantarea.com\/fr\/wp-json\/wp\/v2\/media\/19569"}],"wp:attachment":[{"href":"https:\/\/avantarea.com\/fr\/wp-json\/wp\/v2\/media?parent=88087"}],"wp:term":[{"taxonomy":"product_brand","embeddable":true,"href":"https:\/\/avantarea.com\/fr\/wp-json\/wp\/v2\/product_brand?post=88087"},{"taxonomy":"product_cat","embeddable":true,"href":"https:\/\/avantarea.com\/fr\/wp-json\/wp\/v2\/product_cat?post=88087"},{"taxonomy":"product_tag","embeddable":true,"href":"https:\/\/avantarea.com\/fr\/wp-json\/wp\/v2\/product_tag?post=88087"}],"curies":[{"name":"wp","href":"https:\/\/api.w.org\/{rel}","templated":true}]}}