{"id":88074,"date":"2022-04-28T13:19:05","date_gmt":"2022-04-28T11:19:05","guid":{"rendered":"https:\/\/nueva.avantarea.com\/?post_type=product&#038;p=88074"},"modified":"2026-02-25T11:14:26","modified_gmt":"2026-02-25T10:14:26","slug":"pack-riom-con-lavabo-sobreencimera-y-espejo-retroiluminado-copia","status":"publish","type":"product","link":"https:\/\/avantarea.com\/fr\/producto\/pack-riom-con-lavabo-sobreencimera-y-espejo-retroiluminado-copia\/","title":{"rendered":"Pack RIOM avec vasque \u00e0 poser et miroir r\u00e9tro\u00e9clair\u00e9"},"content":{"rendered":"<p>Ensemble comprenant un meuble de salle de bain fabriqu\u00e9 en panneau de particules m\u00e9lamin\u00e9 de 19mm finition bois avec un tiroir de grande capacit\u00e9, fermeture douce et extraction totale, et une structure m\u00e9tallique noire avec porte-serviettes int\u00e9gr\u00e9. Vasque \u00e0 poser en c\u00e9ramique blanche. Miroir avec \u00e9clairage LED et profil noir. Fabriqu\u00e9 en Espagne. Robinet non inclus.<\/p>\n","protected":false},"excerpt":{"rendered":"<p>Ensemble comprenant un meuble de salle de bain fabriqu\u00e9 en panneau de particules m\u00e9lamin\u00e9 de 19mm finition bois avec un tiroir de grande capacit\u00e9, fermeture douce et extraction totale, et&#8230;<\/p>\n","protected":false},"featured_media":22060,"comment_status":"closed","ping_status":"closed","template":"","meta":[],"product_brand":[973],"product_cat":[1170],"product_tag":[],"class_list":{"0":"post-88074","1":"product","2":"type-product","3":"status-publish","4":"has-post-thumbnail","6":"product_brand-riom","7":"product_cat-muebles-de-bano","8":"pa_color-azabache","9":"pa_color-nogal","10":"pa_color-roble","11":"pa_medidas-369","12":"pa_medidas-378","13":"pa_medidas-370","15":"first","16":"instock","17":"purchasable","18":"product-type-variable"},"_links":{"self":[{"href":"https:\/\/avantarea.com\/fr\/wp-json\/wp\/v2\/product\/88074","targetHints":{"allow":["GET"]}}],"collection":[{"href":"https:\/\/avantarea.com\/fr\/wp-json\/wp\/v2\/product"}],"about":[{"href":"https:\/\/avantarea.com\/fr\/wp-json\/wp\/v2\/types\/product"}],"replies":[{"embeddable":true,"href":"https:\/\/avantarea.com\/fr\/wp-json\/wp\/v2\/comments?post=88074"}],"wp:featuredmedia":[{"embeddable":true,"href":"https:\/\/avantarea.com\/fr\/wp-json\/wp\/v2\/media\/22060"}],"wp:attachment":[{"href":"https:\/\/avantarea.com\/fr\/wp-json\/wp\/v2\/media?parent=88074"}],"wp:term":[{"taxonomy":"product_brand","embeddable":true,"href":"https:\/\/avantarea.com\/fr\/wp-json\/wp\/v2\/product_brand?post=88074"},{"taxonomy":"product_cat","embeddable":true,"href":"https:\/\/avantarea.com\/fr\/wp-json\/wp\/v2\/product_cat?post=88074"},{"taxonomy":"product_tag","embeddable":true,"href":"https:\/\/avantarea.com\/fr\/wp-json\/wp\/v2\/product_tag?post=88074"}],"curies":[{"name":"wp","href":"https:\/\/api.w.org\/{rel}","templated":true}]}}