{"id":88069,"date":"2022-04-28T13:19:42","date_gmt":"2022-04-28T11:19:42","guid":{"rendered":"https:\/\/nueva.avantarea.com\/?post_type=product&#038;p=88069"},"modified":"2026-02-25T11:14:09","modified_gmt":"2026-02-25T10:14:09","slug":"complemento-riom-copia","status":"publish","type":"product","link":"https:\/\/avantarea.com\/fr\/producto\/complemento-riom-copia\/","title":{"rendered":"Compl\u00e9ment RIOM"},"content":{"rendered":"<p>Compl\u00e9ment de salle de bain de 36&#215;140 cm enti\u00e8rement r\u00e9alis\u00e9 en mat\u00e9riau stratifi\u00e9. Caisson finition bois et \u00e9tag\u00e8re inf\u00e9rieure avec structure m\u00e9tallique. Charni\u00e8res avec fermeture softclosing test\u00e9es \u00e0 80 000 cycles, r\u00e9glables sur trois axes. Fixations murales capables de supporter jusqu&rsquo;\u00e0 30 Kg par fixation. Chants en PVC de 1mm. Fabriqu\u00e9 en Espagne.<\/p>\n","protected":false},"excerpt":{"rendered":"<p>Compl\u00e9ment de salle de bain de 36&#215;140 cm enti\u00e8rement r\u00e9alis\u00e9 en mat\u00e9riau stratifi\u00e9. Caisson finition bois et \u00e9tag\u00e8re inf\u00e9rieure avec structure m\u00e9tallique. Charni\u00e8res avec fermeture softclosing test\u00e9es \u00e0 80 000&#8230;<\/p>\n","protected":false},"featured_media":22097,"comment_status":"closed","ping_status":"closed","template":"","meta":[],"product_brand":[973],"product_cat":[1175],"product_tag":[],"class_list":{"0":"post-88069","1":"product","2":"type-product","3":"status-publish","4":"has-post-thumbnail","6":"product_brand-riom","7":"product_cat-mobilier-dappoint","8":"pa_color-azabache","9":"pa_color-nogal","10":"pa_color-roble","11":"pa_medidas-452","13":"first","14":"instock","15":"purchasable","16":"product-type-variable"},"_links":{"self":[{"href":"https:\/\/avantarea.com\/fr\/wp-json\/wp\/v2\/product\/88069","targetHints":{"allow":["GET"]}}],"collection":[{"href":"https:\/\/avantarea.com\/fr\/wp-json\/wp\/v2\/product"}],"about":[{"href":"https:\/\/avantarea.com\/fr\/wp-json\/wp\/v2\/types\/product"}],"replies":[{"embeddable":true,"href":"https:\/\/avantarea.com\/fr\/wp-json\/wp\/v2\/comments?post=88069"}],"wp:featuredmedia":[{"embeddable":true,"href":"https:\/\/avantarea.com\/fr\/wp-json\/wp\/v2\/media\/22097"}],"wp:attachment":[{"href":"https:\/\/avantarea.com\/fr\/wp-json\/wp\/v2\/media?parent=88069"}],"wp:term":[{"taxonomy":"product_brand","embeddable":true,"href":"https:\/\/avantarea.com\/fr\/wp-json\/wp\/v2\/product_brand?post=88069"},{"taxonomy":"product_cat","embeddable":true,"href":"https:\/\/avantarea.com\/fr\/wp-json\/wp\/v2\/product_cat?post=88069"},{"taxonomy":"product_tag","embeddable":true,"href":"https:\/\/avantarea.com\/fr\/wp-json\/wp\/v2\/product_tag?post=88069"}],"curies":[{"name":"wp","href":"https:\/\/api.w.org\/{rel}","templated":true}]}}