{"id":88065,"date":"2022-04-28T13:19:59","date_gmt":"2022-04-28T11:19:59","guid":{"rendered":"https:\/\/nueva.avantarea.com\/?post_type=product&#038;p=88065"},"modified":"2026-02-25T11:13:53","modified_gmt":"2026-02-25T10:13:53","slug":"complemento-fabula-copia","status":"publish","type":"product","link":"https:\/\/avantarea.com\/fr\/producto\/complemento-fabula-copia\/","title":{"rendered":"Accessoire FABULA"},"content":{"rendered":"<p>Meuble d&rsquo;appoint de salle de bain de 36&#215;35 cm fabriqu\u00e9 en MDF avec porte usin\u00e9e et finition laqu\u00e9e haute brillance polie et fermeture softclosing. Comprend une \u00e9tag\u00e8re r\u00e9glable en hauteur, en verre tremp\u00e9, \u00e0 l&rsquo;int\u00e9rieur. Charni\u00e8res avec fermeture softclosing test\u00e9es \u00e0 80.000 cycles, r\u00e9glables sur les trois axes. Fixations murales capables de supporter jusqu&rsquo;\u00e0 30 Kg par fixation. Chants en PVC de 1 mm. Fabriqu\u00e9 en Espagne.<\/p>\n","protected":false},"excerpt":{"rendered":"<p>Meuble d&rsquo;appoint de salle de bain de 36&#215;35 cm fabriqu\u00e9 en MDF avec porte usin\u00e9e et finition laqu\u00e9e haute brillance polie et fermeture softclosing. Comprend une \u00e9tag\u00e8re r\u00e9glable en hauteur,&#8230;<\/p>\n","protected":false},"featured_media":19566,"comment_status":"closed","ping_status":"closed","template":"","meta":[],"product_brand":[953],"product_cat":[1175],"product_tag":[],"class_list":{"0":"post-88065","1":"product","2":"type-product","3":"status-publish","4":"has-post-thumbnail","6":"product_brand-fabula","7":"product_cat-mobilier-dappoint","8":"pa_color-blanco-brillo","9":"pa_medidas-452","10":"pa_medidas-459","11":"pa_medidas-449","13":"first","14":"instock","15":"purchasable","16":"product-type-variable"},"_links":{"self":[{"href":"https:\/\/avantarea.com\/fr\/wp-json\/wp\/v2\/product\/88065","targetHints":{"allow":["GET"]}}],"collection":[{"href":"https:\/\/avantarea.com\/fr\/wp-json\/wp\/v2\/product"}],"about":[{"href":"https:\/\/avantarea.com\/fr\/wp-json\/wp\/v2\/types\/product"}],"replies":[{"embeddable":true,"href":"https:\/\/avantarea.com\/fr\/wp-json\/wp\/v2\/comments?post=88065"}],"wp:featuredmedia":[{"embeddable":true,"href":"https:\/\/avantarea.com\/fr\/wp-json\/wp\/v2\/media\/19566"}],"wp:attachment":[{"href":"https:\/\/avantarea.com\/fr\/wp-json\/wp\/v2\/media?parent=88065"}],"wp:term":[{"taxonomy":"product_brand","embeddable":true,"href":"https:\/\/avantarea.com\/fr\/wp-json\/wp\/v2\/product_brand?post=88065"},{"taxonomy":"product_cat","embeddable":true,"href":"https:\/\/avantarea.com\/fr\/wp-json\/wp\/v2\/product_cat?post=88065"},{"taxonomy":"product_tag","embeddable":true,"href":"https:\/\/avantarea.com\/fr\/wp-json\/wp\/v2\/product_tag?post=88065"}],"curies":[{"name":"wp","href":"https:\/\/api.w.org\/{rel}","templated":true}]}}