{"id":88062,"date":"2022-04-28T13:20:12","date_gmt":"2022-04-28T11:20:12","guid":{"rendered":"https:\/\/nueva.avantarea.com\/?post_type=product&#038;p=88062"},"modified":"2026-02-25T11:13:35","modified_gmt":"2026-02-25T10:13:35","slug":"pack-fabula-dos-cajones-lavabo-espejo-led-copia","status":"publish","type":"product","link":"https:\/\/avantarea.com\/fr\/producto\/pack-fabula-dos-cajones-lavabo-espejo-led-copia\/","title":{"rendered":"Pack FABULA deux tiroirs + vasque + miroir LED"},"content":{"rendered":"<p>Ensemble compos\u00e9 d&rsquo;un meuble de salle de bain de 90 cm r\u00e9alis\u00e9 en mat\u00e9riau laqu\u00e9 haute brillance avec relief. Il est dot\u00e9 de deux tiroirs \u00e0 extraction totale avec fermeture softclosing. Comprend une vasque \u00e0 poser de 90 cm et un miroir avec \u00e9clairage LED de 90x50cm. Fabriqu\u00e9 en Espagne.<\/p>\n","protected":false},"excerpt":{"rendered":"<p>Ensemble compos\u00e9 d&rsquo;un meuble de salle de bain de 90 cm r\u00e9alis\u00e9 en mat\u00e9riau laqu\u00e9 haute brillance avec relief. Il est dot\u00e9 de deux tiroirs \u00e0 extraction totale avec fermeture&#8230;<\/p>\n","protected":false},"featured_media":19564,"comment_status":"closed","ping_status":"closed","template":"","meta":[],"product_brand":[953],"product_cat":[1170],"product_tag":[],"class_list":{"0":"post-88062","1":"product","2":"type-product","3":"status-publish","4":"has-post-thumbnail","6":"product_brand-fabula","7":"product_cat-muebles-de-bano","8":"pa_color-blanco-brillo","9":"pa_medidas-378","10":"pa_medidas-503","12":"first","13":"instock","14":"purchasable","15":"product-type-variable"},"_links":{"self":[{"href":"https:\/\/avantarea.com\/fr\/wp-json\/wp\/v2\/product\/88062","targetHints":{"allow":["GET"]}}],"collection":[{"href":"https:\/\/avantarea.com\/fr\/wp-json\/wp\/v2\/product"}],"about":[{"href":"https:\/\/avantarea.com\/fr\/wp-json\/wp\/v2\/types\/product"}],"replies":[{"embeddable":true,"href":"https:\/\/avantarea.com\/fr\/wp-json\/wp\/v2\/comments?post=88062"}],"wp:featuredmedia":[{"embeddable":true,"href":"https:\/\/avantarea.com\/fr\/wp-json\/wp\/v2\/media\/19564"}],"wp:attachment":[{"href":"https:\/\/avantarea.com\/fr\/wp-json\/wp\/v2\/media?parent=88062"}],"wp:term":[{"taxonomy":"product_brand","embeddable":true,"href":"https:\/\/avantarea.com\/fr\/wp-json\/wp\/v2\/product_brand?post=88062"},{"taxonomy":"product_cat","embeddable":true,"href":"https:\/\/avantarea.com\/fr\/wp-json\/wp\/v2\/product_cat?post=88062"},{"taxonomy":"product_tag","embeddable":true,"href":"https:\/\/avantarea.com\/fr\/wp-json\/wp\/v2\/product_tag?post=88062"}],"curies":[{"name":"wp","href":"https:\/\/api.w.org\/{rel}","templated":true}]}}