{"id":88059,"date":"2022-04-28T13:20:23","date_gmt":"2022-04-28T11:20:23","guid":{"rendered":"https:\/\/nueva.avantarea.com\/?post_type=product&#038;p=88059"},"modified":"2026-02-25T11:13:11","modified_gmt":"2026-02-25T10:13:11","slug":"pack-fabula-cajon-deco-lavabo-espejo-led-copia","status":"publish","type":"product","link":"https:\/\/avantarea.com\/fr\/producto\/pack-fabula-cajon-deco-lavabo-espejo-led-copia\/","title":{"rendered":"Pack FABULA tiroir d\u00e9co + lavabo + miroir LED"},"content":{"rendered":"<p>Pack comprenant un meuble de salle de bain de 90 cm fabriqu\u00e9 en mat\u00e9riau laqu\u00e9 haute brillance avec relief. Il est compos\u00e9 d&rsquo;un tiroir enti\u00e8rement extractible avec fermeture softclosing et d&rsquo;un espace d\u00e9coratif inf\u00e9rieur. Comprend un lavabo \u00e0 poser de 90 cm et un miroir avec \u00e9clairage LED de 90x50cm. Fabriqu\u00e9 en Espagne.<\/p>\n","protected":false},"excerpt":{"rendered":"<p>Pack comprenant un meuble de salle de bain de 90 cm fabriqu\u00e9 en mat\u00e9riau laqu\u00e9 haute brillance avec relief. Il est compos\u00e9 d&rsquo;un tiroir enti\u00e8rement extractible avec fermeture softclosing et&#8230;<\/p>\n","protected":false},"featured_media":17446,"comment_status":"closed","ping_status":"open","template":"","meta":[],"product_brand":[953],"product_cat":[577],"product_tag":[],"class_list":{"0":"post-88059","1":"product","2":"type-product","3":"status-publish","4":"has-post-thumbnail","6":"product_brand-fabula","7":"product_cat-muebles-de-bano","8":"pa_color-blanco-brillo","9":"pa_medidas-378","10":"pa_medidas-503","12":"first","13":"instock","14":"purchasable","15":"product-type-variable"},"_links":{"self":[{"href":"https:\/\/avantarea.com\/fr\/wp-json\/wp\/v2\/product\/88059","targetHints":{"allow":["GET"]}}],"collection":[{"href":"https:\/\/avantarea.com\/fr\/wp-json\/wp\/v2\/product"}],"about":[{"href":"https:\/\/avantarea.com\/fr\/wp-json\/wp\/v2\/types\/product"}],"replies":[{"embeddable":true,"href":"https:\/\/avantarea.com\/fr\/wp-json\/wp\/v2\/comments?post=88059"}],"wp:featuredmedia":[{"embeddable":true,"href":"https:\/\/avantarea.com\/fr\/wp-json\/wp\/v2\/media\/17446"}],"wp:attachment":[{"href":"https:\/\/avantarea.com\/fr\/wp-json\/wp\/v2\/media?parent=88059"}],"wp:term":[{"taxonomy":"product_brand","embeddable":true,"href":"https:\/\/avantarea.com\/fr\/wp-json\/wp\/v2\/product_brand?post=88059"},{"taxonomy":"product_cat","embeddable":true,"href":"https:\/\/avantarea.com\/fr\/wp-json\/wp\/v2\/product_cat?post=88059"},{"taxonomy":"product_tag","embeddable":true,"href":"https:\/\/avantarea.com\/fr\/wp-json\/wp\/v2\/product_tag?post=88059"}],"curies":[{"name":"wp","href":"https:\/\/api.w.org\/{rel}","templated":true}]}}