{"id":88046,"date":"2022-04-28T13:20:33","date_gmt":"2022-04-28T11:20:33","guid":{"rendered":"https:\/\/nueva.avantarea.com\/?post_type=product&#038;p=88046"},"modified":"2026-02-25T11:12:58","modified_gmt":"2026-02-25T10:12:58","slug":"pack-galos-lavabo-espejo-aplique-led-copia","status":"publish","type":"product","link":"https:\/\/avantarea.com\/fr\/producto\/pack-galos-lavabo-espejo-aplique-led-copia\/","title":{"rendered":"Pack GALOS + lavabo + miroir + applique LED"},"content":{"rendered":"<p>Pack compos\u00e9 d&rsquo;un meuble de salle de bain fabriqu\u00e9 en panneau de particules stratifi\u00e9 de 19mm, finition blanc mat, comprenant un tiroir de grande capacit\u00e9, \u00e0 extraction totale et fermeture amortie. Plan de toilette de couleur assortie au lavabo \u00e0 poser en c\u00e9ramique inclus. Miroir avec \u00e9clairage LED int\u00e9gr\u00e9 IP54,6000\u00baK,8,5W,920 lumens. Fabriqu\u00e9 en Espagne.<\/p>\n","protected":false},"excerpt":{"rendered":"<p>Pack compos\u00e9 d&rsquo;un meuble de salle de bain fabriqu\u00e9 en panneau de particules stratifi\u00e9 de 19mm, finition blanc mat, comprenant un tiroir de grande capacit\u00e9, \u00e0 extraction totale et fermeture&#8230;<\/p>\n","protected":false},"featured_media":22119,"comment_status":"closed","ping_status":"open","template":"","meta":[],"product_brand":[974],"product_cat":[577],"product_tag":[],"class_list":{"0":"post-88046","1":"product","2":"type-product","3":"status-publish","4":"has-post-thumbnail","6":"product_brand-galos","7":"product_cat-muebles-de-bano","8":"pa_color-anthracite","9":"pa_color-gris","10":"pa_color-noir","11":"pa_medidas-369","12":"pa_medidas-378","13":"pa_medidas-383","14":"pa_medidas-370","16":"first","17":"instock","18":"purchasable","19":"product-type-variable"},"_links":{"self":[{"href":"https:\/\/avantarea.com\/fr\/wp-json\/wp\/v2\/product\/88046","targetHints":{"allow":["GET"]}}],"collection":[{"href":"https:\/\/avantarea.com\/fr\/wp-json\/wp\/v2\/product"}],"about":[{"href":"https:\/\/avantarea.com\/fr\/wp-json\/wp\/v2\/types\/product"}],"replies":[{"embeddable":true,"href":"https:\/\/avantarea.com\/fr\/wp-json\/wp\/v2\/comments?post=88046"}],"wp:featuredmedia":[{"embeddable":true,"href":"https:\/\/avantarea.com\/fr\/wp-json\/wp\/v2\/media\/22119"}],"wp:attachment":[{"href":"https:\/\/avantarea.com\/fr\/wp-json\/wp\/v2\/media?parent=88046"}],"wp:term":[{"taxonomy":"product_brand","embeddable":true,"href":"https:\/\/avantarea.com\/fr\/wp-json\/wp\/v2\/product_brand?post=88046"},{"taxonomy":"product_cat","embeddable":true,"href":"https:\/\/avantarea.com\/fr\/wp-json\/wp\/v2\/product_cat?post=88046"},{"taxonomy":"product_tag","embeddable":true,"href":"https:\/\/avantarea.com\/fr\/wp-json\/wp\/v2\/product_tag?post=88046"}],"curies":[{"name":"wp","href":"https:\/\/api.w.org\/{rel}","templated":true}]}}