{"id":88033,"date":"2022-04-28T13:21:11","date_gmt":"2022-04-28T11:21:11","guid":{"rendered":"https:\/\/nueva.avantarea.com\/?post_type=product&#038;p=88033"},"modified":"2026-02-25T11:12:33","modified_gmt":"2026-02-25T10:12:33","slug":"pack-urano-con-lavabo-marmol-compacto-espejo-y-foco-led-copia","status":"publish","type":"product","link":"https:\/\/avantarea.com\/fr\/producto\/pack-urano-con-lavabo-marmol-compacto-espejo-y-foco-led-copia\/","title":{"rendered":"Pack URANO avec lavabo en marbre compact, miroir et spot LED"},"content":{"rendered":"<p>Pack compos\u00e9 de meuble de salle de bain fabriqu\u00e9 en panneau de particules m\u00e9lamin\u00e9 de 19mm finition mate avec un tiroir de grande capacit\u00e9, fermeture amortie et extraction totale. Lavabo suspendu en marbre compact avec \u00e9querres en acier inoxydable. Miroir simple et spot d&rsquo;\u00e9clairage LED 6000K, 9,6W, 600lm. Fabriqu\u00e9 en Espagne. Robinet non inclus.<\/p>\n","protected":false},"excerpt":{"rendered":"<p>Pack compos\u00e9 de meuble de salle de bain fabriqu\u00e9 en panneau de particules m\u00e9lamin\u00e9 de 19mm finition mate avec un tiroir de grande capacit\u00e9, fermeture amortie et extraction totale. Lavabo&#8230;<\/p>\n","protected":false},"featured_media":17421,"comment_status":"closed","ping_status":"open","template":"","meta":[],"product_brand":[898],"product_cat":[577],"product_tag":[],"class_list":{"0":"post-88033","1":"product","2":"type-product","3":"status-publish","4":"has-post-thumbnail","6":"product_brand-urano","7":"product_cat-muebles-de-bano","8":"pa_color-calacata","9":"pa_color-gris","10":"pa_color-noir","11":"pa_medidas-369","12":"pa_medidas-378","13":"pa_medidas-492","14":"pa_medidas-370","16":"first","17":"instock","18":"purchasable","19":"product-type-variable"},"_links":{"self":[{"href":"https:\/\/avantarea.com\/fr\/wp-json\/wp\/v2\/product\/88033","targetHints":{"allow":["GET"]}}],"collection":[{"href":"https:\/\/avantarea.com\/fr\/wp-json\/wp\/v2\/product"}],"about":[{"href":"https:\/\/avantarea.com\/fr\/wp-json\/wp\/v2\/types\/product"}],"replies":[{"embeddable":true,"href":"https:\/\/avantarea.com\/fr\/wp-json\/wp\/v2\/comments?post=88033"}],"wp:featuredmedia":[{"embeddable":true,"href":"https:\/\/avantarea.com\/fr\/wp-json\/wp\/v2\/media\/17421"}],"wp:attachment":[{"href":"https:\/\/avantarea.com\/fr\/wp-json\/wp\/v2\/media?parent=88033"}],"wp:term":[{"taxonomy":"product_brand","embeddable":true,"href":"https:\/\/avantarea.com\/fr\/wp-json\/wp\/v2\/product_brand?post=88033"},{"taxonomy":"product_cat","embeddable":true,"href":"https:\/\/avantarea.com\/fr\/wp-json\/wp\/v2\/product_cat?post=88033"},{"taxonomy":"product_tag","embeddable":true,"href":"https:\/\/avantarea.com\/fr\/wp-json\/wp\/v2\/product_tag?post=88033"}],"curies":[{"name":"wp","href":"https:\/\/api.w.org\/{rel}","templated":true}]}}