{"id":88020,"date":"2022-04-28T13:23:48","date_gmt":"2022-04-28T11:23:48","guid":{"rendered":"https:\/\/nueva.avantarea.com\/?post_type=product&#038;p=88020"},"modified":"2026-02-25T11:12:05","modified_gmt":"2026-02-25T10:12:05","slug":"pack-sancy-con-mueble-suspendido-lavabo-espejo-y-foco-led-copia","status":"publish","type":"product","link":"https:\/\/avantarea.com\/fr\/producto\/pack-sancy-con-mueble-suspendido-lavabo-espejo-y-foco-led-copia\/","title":{"rendered":"Pack SANCY avec meuble suspendu, lavabo, miroir et spot LED"},"content":{"rendered":"<p>Pack comprenant un meuble de salle de bain r\u00e9alis\u00e9 en mat\u00e9riau stratifi\u00e9 finition bois, avec deux modules \u00e0 tiroirs de grande capacit\u00e9 et fermeture soft-closing. Il inclut une vasque \u00e0 poser en c\u00e9ramique blanche, un miroir simple et un spot d&rsquo;\u00e9clairage LED. Fabriqu\u00e9 en Espagne.<\/p>\n","protected":false},"excerpt":{"rendered":"<p>Pack comprenant un meuble de salle de bain r\u00e9alis\u00e9 en mat\u00e9riau stratifi\u00e9 finition bois, avec deux modules \u00e0 tiroirs de grande capacit\u00e9 et fermeture soft-closing. Il inclut une vasque \u00e0&#8230;<\/p>\n","protected":false},"featured_media":17393,"comment_status":"closed","ping_status":"open","template":"","meta":[],"product_brand":[925],"product_cat":[1170,577],"product_tag":[],"class_list":{"0":"post-88020","1":"product","2":"type-product","3":"status-publish","4":"has-post-thumbnail","6":"product_brand-sancy","7":"product_cat-muebles-de-bano","9":"pa_color-azabache","10":"pa_color-blanco","11":"pa_color-nogal","12":"pa_color-roble","13":"pa_medidas-378","14":"pa_medidas-383","15":"pa_medidas-370","17":"first","18":"instock","19":"purchasable","20":"product-type-variable"},"_links":{"self":[{"href":"https:\/\/avantarea.com\/fr\/wp-json\/wp\/v2\/product\/88020","targetHints":{"allow":["GET"]}}],"collection":[{"href":"https:\/\/avantarea.com\/fr\/wp-json\/wp\/v2\/product"}],"about":[{"href":"https:\/\/avantarea.com\/fr\/wp-json\/wp\/v2\/types\/product"}],"replies":[{"embeddable":true,"href":"https:\/\/avantarea.com\/fr\/wp-json\/wp\/v2\/comments?post=88020"}],"wp:featuredmedia":[{"embeddable":true,"href":"https:\/\/avantarea.com\/fr\/wp-json\/wp\/v2\/media\/17393"}],"wp:attachment":[{"href":"https:\/\/avantarea.com\/fr\/wp-json\/wp\/v2\/media?parent=88020"}],"wp:term":[{"taxonomy":"product_brand","embeddable":true,"href":"https:\/\/avantarea.com\/fr\/wp-json\/wp\/v2\/product_brand?post=88020"},{"taxonomy":"product_cat","embeddable":true,"href":"https:\/\/avantarea.com\/fr\/wp-json\/wp\/v2\/product_cat?post=88020"},{"taxonomy":"product_tag","embeddable":true,"href":"https:\/\/avantarea.com\/fr\/wp-json\/wp\/v2\/product_tag?post=88020"}],"curies":[{"name":"wp","href":"https:\/\/api.w.org\/{rel}","templated":true}]}}