{"id":88013,"date":"2022-04-28T13:24:40","date_gmt":"2022-04-28T11:24:40","guid":{"rendered":"https:\/\/nueva.avantarea.com\/?post_type=product&#038;p=88013"},"modified":"2026-02-25T11:11:45","modified_gmt":"2026-02-25T10:11:45","slug":"pack-yvoire-lavabo-espejo-led-copia","status":"publish","type":"product","link":"https:\/\/avantarea.com\/fr\/producto\/pack-yvoire-lavabo-espejo-led-copia\/","title":{"rendered":"Pack YVOIRE + lavabo + miroir LED"},"content":{"rendered":"<p>Pack compos\u00e9 d&rsquo;un meuble de salle de bain fabriqu\u00e9 en panneau de particules stratifi\u00e9 de 19mm avec un tiroir de grande capacit\u00e9, totalement extractible et \u00e0 fermeture douce, et une porte finition bois. Vasque en c\u00e9ramique blanche avec cuve d\u00e9centr\u00e9e. Miroir avec \u00e9clairage LED int\u00e9gr\u00e9 IP65, 6000K, 10,8W, 1170 lumens. Fabriqu\u00e9 en Espagne. Robinet non inclus.<\/p>\n","protected":false},"excerpt":{"rendered":"<p>Pack compos\u00e9 d&rsquo;un meuble de salle de bain fabriqu\u00e9 en panneau de particules stratifi\u00e9 de 19mm avec un tiroir de grande capacit\u00e9, totalement extractible et \u00e0 fermeture douce, et une&#8230;<\/p>\n","protected":false},"featured_media":19527,"comment_status":"closed","ping_status":"closed","template":"","meta":[],"product_brand":[962],"product_cat":[1170],"product_tag":[],"class_list":{"0":"post-88013","1":"product","2":"type-product","3":"status-publish","4":"has-post-thumbnail","6":"product_brand-yvoire","7":"product_cat-muebles-de-bano","8":"pa_color-antracita","9":"pa_color-blanco-mate","10":"pa_medidas-369","11":"pa_medidas-378","12":"pa_medidas-370","14":"first","15":"instock","16":"purchasable","17":"product-type-variable"},"_links":{"self":[{"href":"https:\/\/avantarea.com\/fr\/wp-json\/wp\/v2\/product\/88013","targetHints":{"allow":["GET"]}}],"collection":[{"href":"https:\/\/avantarea.com\/fr\/wp-json\/wp\/v2\/product"}],"about":[{"href":"https:\/\/avantarea.com\/fr\/wp-json\/wp\/v2\/types\/product"}],"replies":[{"embeddable":true,"href":"https:\/\/avantarea.com\/fr\/wp-json\/wp\/v2\/comments?post=88013"}],"wp:featuredmedia":[{"embeddable":true,"href":"https:\/\/avantarea.com\/fr\/wp-json\/wp\/v2\/media\/19527"}],"wp:attachment":[{"href":"https:\/\/avantarea.com\/fr\/wp-json\/wp\/v2\/media?parent=88013"}],"wp:term":[{"taxonomy":"product_brand","embeddable":true,"href":"https:\/\/avantarea.com\/fr\/wp-json\/wp\/v2\/product_brand?post=88013"},{"taxonomy":"product_cat","embeddable":true,"href":"https:\/\/avantarea.com\/fr\/wp-json\/wp\/v2\/product_cat?post=88013"},{"taxonomy":"product_tag","embeddable":true,"href":"https:\/\/avantarea.com\/fr\/wp-json\/wp\/v2\/product_tag?post=88013"}],"curies":[{"name":"wp","href":"https:\/\/api.w.org\/{rel}","templated":true}]}}