{"id":87994,"date":"2022-04-28T13:25:05","date_gmt":"2022-04-28T11:25:05","guid":{"rendered":"https:\/\/nueva.avantarea.com\/?post_type=product&#038;p=87994"},"modified":"2026-02-25T11:11:28","modified_gmt":"2026-02-25T10:11:28","slug":"pack-lorient-lavabo-espejo-led-copia","status":"publish","type":"product","link":"https:\/\/avantarea.com\/fr\/producto\/pack-lorient-lavabo-espejo-led-copia\/","title":{"rendered":"Pack LORIENT + lavabo + miroir LED"},"content":{"rendered":"<p>Pack compos\u00e9 d&rsquo;un meuble de salle de bain, d&rsquo;une vasque et d&rsquo;un miroir \u00e9clair\u00e9. Meuble de salle de bain compos\u00e9 de deux modules fabriqu\u00e9s en panneau stratifi\u00e9 de 19 mm d&rsquo;\u00e9paisseur. Module suspendu pour vasque avec un tiroir de grande capacit\u00e9 et fermeture douce. Module suspendu avec espace d\u00e9coratif. Vasque \u00e0 poser en c\u00e9ramique blanc brillant. Miroir avec \u00e9clairage LED int\u00e9gr\u00e9 IP65, 6000\u00baK. Comprend les supports muraux. Ne comprend pas le robinet ni le siphon. Fabriqu\u00e9 en Espagne.<\/p>\n","protected":false},"excerpt":{"rendered":"<p>Pack compos\u00e9 d&rsquo;un meuble de salle de bain, d&rsquo;une vasque et d&rsquo;un miroir \u00e9clair\u00e9. Meuble de salle de bain compos\u00e9 de deux modules fabriqu\u00e9s en panneau stratifi\u00e9 de 19 mm&#8230;<\/p>\n","protected":false},"featured_media":22217,"comment_status":"closed","ping_status":"open","template":"","meta":[],"product_brand":[975],"product_cat":[577],"product_tag":[],"class_list":{"0":"post-87994","1":"product","2":"type-product","3":"status-publish","4":"has-post-thumbnail","6":"product_brand-lorient","7":"product_cat-muebles-de-bano","8":"pa_color-azabache","9":"pa_color-bardolino","10":"pa_color-blanco","11":"pa_color-bleu-2","12":"pa_color-fresno","13":"pa_color-nogal","14":"pa_color-roble","15":"pa_medidas-369","16":"pa_medidas-378","17":"pa_medidas-370","19":"first","20":"instock","21":"purchasable","22":"product-type-variable"},"_links":{"self":[{"href":"https:\/\/avantarea.com\/fr\/wp-json\/wp\/v2\/product\/87994","targetHints":{"allow":["GET"]}}],"collection":[{"href":"https:\/\/avantarea.com\/fr\/wp-json\/wp\/v2\/product"}],"about":[{"href":"https:\/\/avantarea.com\/fr\/wp-json\/wp\/v2\/types\/product"}],"replies":[{"embeddable":true,"href":"https:\/\/avantarea.com\/fr\/wp-json\/wp\/v2\/comments?post=87994"}],"wp:featuredmedia":[{"embeddable":true,"href":"https:\/\/avantarea.com\/fr\/wp-json\/wp\/v2\/media\/22217"}],"wp:attachment":[{"href":"https:\/\/avantarea.com\/fr\/wp-json\/wp\/v2\/media?parent=87994"}],"wp:term":[{"taxonomy":"product_brand","embeddable":true,"href":"https:\/\/avantarea.com\/fr\/wp-json\/wp\/v2\/product_brand?post=87994"},{"taxonomy":"product_cat","embeddable":true,"href":"https:\/\/avantarea.com\/fr\/wp-json\/wp\/v2\/product_cat?post=87994"},{"taxonomy":"product_tag","embeddable":true,"href":"https:\/\/avantarea.com\/fr\/wp-json\/wp\/v2\/product_tag?post=87994"}],"curies":[{"name":"wp","href":"https:\/\/api.w.org\/{rel}","templated":true}]}}