{"id":87986,"date":"2022-04-28T13:26:13","date_gmt":"2022-04-28T11:26:13","guid":{"rendered":"https:\/\/nueva.avantarea.com\/?post_type=product&#038;p=87986"},"modified":"2026-04-01T12:58:45","modified_gmt":"2026-04-01T10:58:45","slug":"cb-eau-laser-copia","status":"publish","type":"product","link":"https:\/\/avantarea.com\/fr\/producto\/cb-eau-laser-copia\/","title":{"rendered":"CB EAU LASER"},"content":{"rendered":"<p>Accessoire de salle de bain en mat\u00e9riau stratifi\u00e9 avec porte d\u00e9cor\u00e9e d\u00e9coup\u00e9e au laser et m\u00e9canisme de fermeture amortie. Comprend une \u00e9tag\u00e8re int\u00e9rieure en verre tremp\u00e9 \u00e0 hauteur r\u00e9glable. <\/p>\n","protected":false},"excerpt":{"rendered":"<p>Accessoire de salle de bain en mat\u00e9riau stratifi\u00e9 avec porte d\u00e9cor\u00e9e d\u00e9coup\u00e9e au laser et m\u00e9canisme de fermeture amortie. Comprend une \u00e9tag\u00e8re int\u00e9rieure en verre tremp\u00e9 \u00e0 hauteur r\u00e9glable.<\/p>\n","protected":false},"featured_media":22273,"comment_status":"closed","ping_status":"closed","template":"","meta":[],"product_brand":[976],"product_cat":[1175],"product_tag":[],"class_list":{"0":"post-87986","1":"product","2":"type-product","3":"status-publish","4":"has-post-thumbnail","6":"product_brand-eau","7":"product_cat-mobilier-dappoint","8":"pa_color-azabache","9":"pa_color-bardolino","10":"pa_color-blanco-brillo","11":"pa_color-nogal","12":"pa_medidas-459","13":"pa_medidas-449","15":"first","16":"instock","17":"purchasable","18":"product-type-variable"},"_links":{"self":[{"href":"https:\/\/avantarea.com\/fr\/wp-json\/wp\/v2\/product\/87986","targetHints":{"allow":["GET"]}}],"collection":[{"href":"https:\/\/avantarea.com\/fr\/wp-json\/wp\/v2\/product"}],"about":[{"href":"https:\/\/avantarea.com\/fr\/wp-json\/wp\/v2\/types\/product"}],"replies":[{"embeddable":true,"href":"https:\/\/avantarea.com\/fr\/wp-json\/wp\/v2\/comments?post=87986"}],"wp:featuredmedia":[{"embeddable":true,"href":"https:\/\/avantarea.com\/fr\/wp-json\/wp\/v2\/media\/22273"}],"wp:attachment":[{"href":"https:\/\/avantarea.com\/fr\/wp-json\/wp\/v2\/media?parent=87986"}],"wp:term":[{"taxonomy":"product_brand","embeddable":true,"href":"https:\/\/avantarea.com\/fr\/wp-json\/wp\/v2\/product_brand?post=87986"},{"taxonomy":"product_cat","embeddable":true,"href":"https:\/\/avantarea.com\/fr\/wp-json\/wp\/v2\/product_cat?post=87986"},{"taxonomy":"product_tag","embeddable":true,"href":"https:\/\/avantarea.com\/fr\/wp-json\/wp\/v2\/product_tag?post=87986"}],"curies":[{"name":"wp","href":"https:\/\/api.w.org\/{rel}","templated":true}]}}