{"id":87974,"date":"2022-04-28T13:26:44","date_gmt":"2022-04-28T11:26:44","guid":{"rendered":"https:\/\/nueva.avantarea.com\/?post_type=product&#038;p=87974"},"modified":"2026-02-25T11:10:45","modified_gmt":"2026-02-25T10:10:45","slug":"pack-eau-laser-lavabo-espejo-aplique-led-copia","status":"publish","type":"product","link":"https:\/\/avantarea.com\/fr\/producto\/pack-eau-laser-lavabo-espejo-aplique-led-copia\/","title":{"rendered":"Pack EAU L\u00c1SER + lavabo + miroir + applique LED"},"content":{"rendered":"<p>Pack compos\u00e9 d&rsquo;un meuble de salle de bain r\u00e9alis\u00e9 en mat\u00e9riau stratifi\u00e9 de 19 mm haute brillance, comprenant un tiroir central enti\u00e8rement extractible avec syst\u00e8me de fermeture soft-closing, d\u00e9cor\u00e9 par technique laser. Lavabo en c\u00e9ramique inclus. Miroir lisse et spot d&rsquo;\u00e9clairage LED. Fabriqu\u00e9 en Espagne.<\/p>\n","protected":false},"excerpt":{"rendered":"<p>Pack compos\u00e9 d&rsquo;un meuble de salle de bain r\u00e9alis\u00e9 en mat\u00e9riau stratifi\u00e9 de 19 mm haute brillance, comprenant un tiroir central enti\u00e8rement extractible avec syst\u00e8me de fermeture soft-closing, d\u00e9cor\u00e9 par&#8230;<\/p>\n","protected":false},"featured_media":22295,"comment_status":"closed","ping_status":"closed","template":"","meta":[],"product_brand":[976],"product_cat":[1170],"product_tag":[],"class_list":{"0":"post-87974","1":"product","2":"type-product","3":"status-publish","4":"has-post-thumbnail","6":"product_brand-eau","7":"product_cat-muebles-de-bano","8":"pa_color-azabache","9":"pa_color-blanco-brillo","10":"pa_color-nogal","11":"pa_color-roble","12":"pa_medidas-369","13":"pa_medidas-378","14":"pa_medidas-370","16":"first","17":"instock","18":"purchasable","19":"product-type-variable"},"_links":{"self":[{"href":"https:\/\/avantarea.com\/fr\/wp-json\/wp\/v2\/product\/87974","targetHints":{"allow":["GET"]}}],"collection":[{"href":"https:\/\/avantarea.com\/fr\/wp-json\/wp\/v2\/product"}],"about":[{"href":"https:\/\/avantarea.com\/fr\/wp-json\/wp\/v2\/types\/product"}],"replies":[{"embeddable":true,"href":"https:\/\/avantarea.com\/fr\/wp-json\/wp\/v2\/comments?post=87974"}],"wp:featuredmedia":[{"embeddable":true,"href":"https:\/\/avantarea.com\/fr\/wp-json\/wp\/v2\/media\/22295"}],"wp:attachment":[{"href":"https:\/\/avantarea.com\/fr\/wp-json\/wp\/v2\/media?parent=87974"}],"wp:term":[{"taxonomy":"product_brand","embeddable":true,"href":"https:\/\/avantarea.com\/fr\/wp-json\/wp\/v2\/product_brand?post=87974"},{"taxonomy":"product_cat","embeddable":true,"href":"https:\/\/avantarea.com\/fr\/wp-json\/wp\/v2\/product_cat?post=87974"},{"taxonomy":"product_tag","embeddable":true,"href":"https:\/\/avantarea.com\/fr\/wp-json\/wp\/v2\/product_tag?post=87974"}],"curies":[{"name":"wp","href":"https:\/\/api.w.org\/{rel}","templated":true}]}}