{"id":87965,"date":"2022-04-28T13:28:56","date_gmt":"2022-04-28T11:28:56","guid":{"rendered":"https:\/\/nueva.avantarea.com\/?post_type=product&#038;p=87965"},"modified":"2026-04-02T08:25:13","modified_gmt":"2026-04-02T06:25:13","slug":"complemento-draw-tiles-copia","status":"publish","type":"product","link":"https:\/\/avantarea.com\/fr\/producto\/complemento-draw-tiles-copia\/","title":{"rendered":"Compl\u00e9ment DRAW TILES"},"content":{"rendered":"<p>Accessoire de salle de bains de 36 x 35 cm en mat\u00e9riau stratifi\u00e9 avec une porte d\u00e9cor\u00e9e au laser et un syst\u00e8me de fermeture en douceur. Il comprend une \u00e9tag\u00e8re int\u00e9rieure en verre tremp\u00e9 r\u00e9glable en hauteur. Charni\u00e8res avec fermeture softclosing test\u00e9es \u00e0 80.000 cycles, r\u00e9glables sur les trois axes. Fixations murales capables de supporter jusqu&rsquo;\u00e0 30 Kg par fixation. Bords en PVC de 1 mm. Fabriqu\u00e9 en Espagne.<\/p>\n","protected":false},"excerpt":{"rendered":"<p>Accessoire de salle de bains de 36 x 35 cm en mat\u00e9riau stratifi\u00e9 avec une porte d\u00e9cor\u00e9e au laser et un syst\u00e8me de fermeture en douceur. Il comprend une \u00e9tag\u00e8re&#8230;<\/p>\n","protected":false},"featured_media":22328,"comment_status":"closed","ping_status":"open","template":"","meta":[],"product_brand":[969],"product_cat":[1175],"product_tag":[],"class_list":{"0":"post-87965","1":"product","2":"type-product","3":"status-publish","4":"has-post-thumbnail","6":"product_brand-tiles","7":"product_cat-mobilier-dappoint","8":"pa_color-azabache","9":"pa_color-blanco-brillo","10":"pa_color-nogal","11":"pa_color-roble","12":"pa_medidas-459","13":"pa_medidas-449","15":"first","16":"instock","17":"purchasable","18":"product-type-variable"},"_links":{"self":[{"href":"https:\/\/avantarea.com\/fr\/wp-json\/wp\/v2\/product\/87965","targetHints":{"allow":["GET"]}}],"collection":[{"href":"https:\/\/avantarea.com\/fr\/wp-json\/wp\/v2\/product"}],"about":[{"href":"https:\/\/avantarea.com\/fr\/wp-json\/wp\/v2\/types\/product"}],"replies":[{"embeddable":true,"href":"https:\/\/avantarea.com\/fr\/wp-json\/wp\/v2\/comments?post=87965"}],"wp:featuredmedia":[{"embeddable":true,"href":"https:\/\/avantarea.com\/fr\/wp-json\/wp\/v2\/media\/22328"}],"wp:attachment":[{"href":"https:\/\/avantarea.com\/fr\/wp-json\/wp\/v2\/media?parent=87965"}],"wp:term":[{"taxonomy":"product_brand","embeddable":true,"href":"https:\/\/avantarea.com\/fr\/wp-json\/wp\/v2\/product_brand?post=87965"},{"taxonomy":"product_cat","embeddable":true,"href":"https:\/\/avantarea.com\/fr\/wp-json\/wp\/v2\/product_cat?post=87965"},{"taxonomy":"product_tag","embeddable":true,"href":"https:\/\/avantarea.com\/fr\/wp-json\/wp\/v2\/product_tag?post=87965"}],"curies":[{"name":"wp","href":"https:\/\/api.w.org\/{rel}","templated":true}]}}