{"id":87953,"date":"2022-04-28T13:29:26","date_gmt":"2022-04-28T11:29:26","guid":{"rendered":"https:\/\/nueva.avantarea.com\/?post_type=product&#038;p=87953"},"modified":"2026-04-02T08:31:18","modified_gmt":"2026-04-02T06:31:18","slug":"pack-draw-one-tiles-con-espejo-lavabo-y-foco-led-copia","status":"publish","type":"product","link":"https:\/\/avantarea.com\/fr\/producto\/pack-draw-one-tiles-con-espejo-lavabo-y-foco-led-copia\/","title":{"rendered":"Pack DRAW ONE TILES avec miroir, lavabo et spot LED"},"content":{"rendered":"<p>Pack compos\u00e9 d&rsquo;un meuble de 90 cm r\u00e9alis\u00e9 en mat\u00e9riau stratifi\u00e9 haute brillance avec fa\u00e7ade d\u00e9cor\u00e9e par technique laser. Tiroir \u00e0 extraction totale et fermeture soft-closing. Comprend un lavabo en c\u00e9ramique blanc, un miroir et un spot d&rsquo;\u00e9clairage LED de 80cm. Fabriqu\u00e9 en Espagne.<\/p>\n","protected":false},"excerpt":{"rendered":"<p>Pack compos\u00e9 d&rsquo;un meuble de 90 cm r\u00e9alis\u00e9 en mat\u00e9riau stratifi\u00e9 haute brillance avec fa\u00e7ade d\u00e9cor\u00e9e par technique laser. Tiroir \u00e0 extraction totale et fermeture soft-closing. Comprend un lavabo en&#8230;<\/p>\n","protected":false},"featured_media":22354,"comment_status":"closed","ping_status":"closed","template":"","meta":[],"product_brand":[969],"product_cat":[1170],"product_tag":[],"class_list":{"0":"post-87953","1":"product","2":"type-product","3":"status-publish","4":"has-post-thumbnail","6":"product_brand-tiles","7":"product_cat-muebles-de-bano","8":"pa_color-azabache","9":"pa_color-blanco-brillo","10":"pa_color-nogal","11":"pa_color-roble","12":"pa_medidas-369","13":"pa_medidas-378","14":"pa_medidas-370","16":"first","17":"instock","18":"purchasable","19":"product-type-variable"},"_links":{"self":[{"href":"https:\/\/avantarea.com\/fr\/wp-json\/wp\/v2\/product\/87953","targetHints":{"allow":["GET"]}}],"collection":[{"href":"https:\/\/avantarea.com\/fr\/wp-json\/wp\/v2\/product"}],"about":[{"href":"https:\/\/avantarea.com\/fr\/wp-json\/wp\/v2\/types\/product"}],"replies":[{"embeddable":true,"href":"https:\/\/avantarea.com\/fr\/wp-json\/wp\/v2\/comments?post=87953"}],"wp:featuredmedia":[{"embeddable":true,"href":"https:\/\/avantarea.com\/fr\/wp-json\/wp\/v2\/media\/22354"}],"wp:attachment":[{"href":"https:\/\/avantarea.com\/fr\/wp-json\/wp\/v2\/media?parent=87953"}],"wp:term":[{"taxonomy":"product_brand","embeddable":true,"href":"https:\/\/avantarea.com\/fr\/wp-json\/wp\/v2\/product_brand?post=87953"},{"taxonomy":"product_cat","embeddable":true,"href":"https:\/\/avantarea.com\/fr\/wp-json\/wp\/v2\/product_cat?post=87953"},{"taxonomy":"product_tag","embeddable":true,"href":"https:\/\/avantarea.com\/fr\/wp-json\/wp\/v2\/product_tag?post=87953"}],"curies":[{"name":"wp","href":"https:\/\/api.w.org\/{rel}","templated":true}]}}