{"id":87938,"date":"2022-04-28T13:30:25","date_gmt":"2022-04-28T11:30:25","guid":{"rendered":"https:\/\/nueva.avantarea.com\/?post_type=product&#038;p=87938"},"modified":"2026-02-25T11:09:55","modified_gmt":"2026-02-25T10:09:55","slug":"pack-eclat-lavabo-espejo-aplique-led-copia","status":"publish","type":"product","link":"https:\/\/avantarea.com\/fr\/producto\/pack-eclat-lavabo-espejo-aplique-led-copia\/","title":{"rendered":"Pack \u00c9CLAT + lavabo + miroir + applique LED"},"content":{"rendered":"<p>Ensemble comprenant un meuble de salle de bain avec \u00e9clairage, lavabo et miroir. Meuble de salle de bain fabriqu\u00e9 en panneau de particules m\u00e9lamin\u00e9 de 19mm avec un tiroir de grande capacit\u00e9, enti\u00e8rement extractible et \u00e0 fermeture douce. Le meuble int\u00e8gre un \u00e9clairage LED en partie basse. Vasque \u00e0 poser en c\u00e9ramique noir mat. Miroir simple et spot d&rsquo;\u00e9clairage LED. Fabriqu\u00e9 en Espagne. Le meuble est livr\u00e9 mont\u00e9, pr\u00eat \u00e0 \u00eatre suspendu au mur. Un kit de fixation pour le meuble est inclus. Robinet non inclus.<\/p>\n","protected":false},"excerpt":{"rendered":"<p>Ensemble comprenant un meuble de salle de bain avec \u00e9clairage, lavabo et miroir. Meuble de salle de bain fabriqu\u00e9 en panneau de particules m\u00e9lamin\u00e9 de 19mm avec un tiroir de&#8230;<\/p>\n","protected":false},"featured_media":94965,"comment_status":"closed","ping_status":"closed","template":"","meta":[],"product_brand":[977],"product_cat":[1170],"product_tag":[],"class_list":{"0":"post-87938","1":"product","2":"type-product","3":"status-publish","4":"has-post-thumbnail","6":"product_brand-eclat","7":"product_cat-muebles-de-bano","8":"pa_color-bardolino","9":"pa_color-blanco","10":"pa_color-nogal","11":"pa_medidas-369","12":"pa_medidas-378","13":"pa_medidas-383","14":"pa_medidas-370","16":"first","17":"instock","18":"purchasable","19":"product-type-variable"},"_links":{"self":[{"href":"https:\/\/avantarea.com\/fr\/wp-json\/wp\/v2\/product\/87938","targetHints":{"allow":["GET"]}}],"collection":[{"href":"https:\/\/avantarea.com\/fr\/wp-json\/wp\/v2\/product"}],"about":[{"href":"https:\/\/avantarea.com\/fr\/wp-json\/wp\/v2\/types\/product"}],"replies":[{"embeddable":true,"href":"https:\/\/avantarea.com\/fr\/wp-json\/wp\/v2\/comments?post=87938"}],"wp:featuredmedia":[{"embeddable":true,"href":"https:\/\/avantarea.com\/fr\/wp-json\/wp\/v2\/media\/94965"}],"wp:attachment":[{"href":"https:\/\/avantarea.com\/fr\/wp-json\/wp\/v2\/media?parent=87938"}],"wp:term":[{"taxonomy":"product_brand","embeddable":true,"href":"https:\/\/avantarea.com\/fr\/wp-json\/wp\/v2\/product_brand?post=87938"},{"taxonomy":"product_cat","embeddable":true,"href":"https:\/\/avantarea.com\/fr\/wp-json\/wp\/v2\/product_cat?post=87938"},{"taxonomy":"product_tag","embeddable":true,"href":"https:\/\/avantarea.com\/fr\/wp-json\/wp\/v2\/product_tag?post=87938"}],"curies":[{"name":"wp","href":"https:\/\/api.w.org\/{rel}","templated":true}]}}