{"id":87933,"date":"2022-04-28T13:31:44","date_gmt":"2022-04-28T11:31:44","guid":{"rendered":"https:\/\/nueva.avantarea.com\/?post_type=product&#038;p=87933"},"modified":"2026-02-25T11:09:29","modified_gmt":"2026-02-25T10:09:29","slug":"pack-onet-con-lavabo-espejo-y-foco-led-copia","status":"publish","type":"product","link":"https:\/\/avantarea.com\/fr\/producto\/pack-onet-con-lavabo-espejo-y-foco-led-copia\/","title":{"rendered":"Pack ONET avec lavabo, miroir et spot LED"},"content":{"rendered":"<p>Ensemble compos\u00e9 d&rsquo;un meuble de salle de bain fabriqu\u00e9 en panneau de particules m\u00e9lamin\u00e9 de 19mm finition bois avec deux portes, charni\u00e8res avec fermeture softclosing test\u00e9es \u00e0 80.000 cycles r\u00e9glables sur les trois axes. Vasque en c\u00e9ramique blanche. Miroir lisse et spot d&rsquo;\u00e9clairage LED 6000K, 5,5W, 300lm. Fabriqu\u00e9 en Espagne. Robinet non inclus.<\/p>\n","protected":false},"excerpt":{"rendered":"<p>Ensemble compos\u00e9 d&rsquo;un meuble de salle de bain fabriqu\u00e9 en panneau de particules m\u00e9lamin\u00e9 de 19mm finition bois avec deux portes, charni\u00e8res avec fermeture softclosing test\u00e9es \u00e0 80.000 cycles r\u00e9glables&#8230;<\/p>\n","protected":false},"featured_media":116137,"comment_status":"closed","ping_status":"closed","template":"","meta":[],"product_brand":[961],"product_cat":[1170],"product_tag":[],"class_list":{"0":"post-87933","1":"product","2":"type-product","3":"status-publish","4":"has-post-thumbnail","6":"product_brand-onet","7":"product_cat-muebles-de-bano","8":"pa_color-azabache","9":"pa_color-blanco-mate","10":"pa_color-nogal","11":"pa_color-roble","12":"pa_medidas-504","14":"first","15":"instock","16":"purchasable","17":"product-type-variable"},"_links":{"self":[{"href":"https:\/\/avantarea.com\/fr\/wp-json\/wp\/v2\/product\/87933","targetHints":{"allow":["GET"]}}],"collection":[{"href":"https:\/\/avantarea.com\/fr\/wp-json\/wp\/v2\/product"}],"about":[{"href":"https:\/\/avantarea.com\/fr\/wp-json\/wp\/v2\/types\/product"}],"replies":[{"embeddable":true,"href":"https:\/\/avantarea.com\/fr\/wp-json\/wp\/v2\/comments?post=87933"}],"wp:featuredmedia":[{"embeddable":true,"href":"https:\/\/avantarea.com\/fr\/wp-json\/wp\/v2\/media\/116137"}],"wp:attachment":[{"href":"https:\/\/avantarea.com\/fr\/wp-json\/wp\/v2\/media?parent=87933"}],"wp:term":[{"taxonomy":"product_brand","embeddable":true,"href":"https:\/\/avantarea.com\/fr\/wp-json\/wp\/v2\/product_brand?post=87933"},{"taxonomy":"product_cat","embeddable":true,"href":"https:\/\/avantarea.com\/fr\/wp-json\/wp\/v2\/product_cat?post=87933"},{"taxonomy":"product_tag","embeddable":true,"href":"https:\/\/avantarea.com\/fr\/wp-json\/wp\/v2\/product_tag?post=87933"}],"curies":[{"name":"wp","href":"https:\/\/api.w.org\/{rel}","templated":true}]}}