{"id":87926,"date":"2022-04-28T13:32:03","date_gmt":"2022-04-28T11:32:03","guid":{"rendered":"https:\/\/nueva.avantarea.com\/?post_type=product&#038;p=87926"},"modified":"2026-02-25T11:09:12","modified_gmt":"2026-02-25T10:09:12","slug":"pack-petra-con-lavabo-sobreencimera-de-piedra-espejo-y-foco-led-copia","status":"publish","type":"product","link":"https:\/\/avantarea.com\/fr\/producto\/pack-petra-con-lavabo-sobreencimera-de-piedra-espejo-y-foco-led-copia\/","title":{"rendered":"Pack PETRA avec vasque \u00e0 poser en pierre, miroir et spot LED"},"content":{"rendered":"<p>Ensemble compos\u00e9 de deux meubles de salle de bain fabriqu\u00e9s en panneau de particules m\u00e9lamin\u00e9 de 19mm, finition blanc mat. Un meuble suspendu avec un tiroir \u00e0 fermeture amortie et un autre module sur pieds avec deux tiroirs \u00e0 fermeture amortie. Fixations murales capables de supporter jusqu&rsquo;\u00e0 120 Kg par fixation. Chants r\u00e9alis\u00e9s en PVC de 1 mm. Vasque \u00e0 poser en pierre naturelle, miroir simple avec spot d&rsquo;\u00e9clairage LED de 100 cm de 9,6 W avec 600 lumens et une temp\u00e9rature de couleur de 6000 K, LED inclus. Fabriqu\u00e9 en Espagne. Robinet non inclus.<\/p>\n","protected":false},"excerpt":{"rendered":"<p>Ensemble compos\u00e9 de deux meubles de salle de bain fabriqu\u00e9s en panneau de particules m\u00e9lamin\u00e9 de 19mm, finition blanc mat. Un meuble suspendu avec un tiroir \u00e0 fermeture amortie et&#8230;<\/p>\n","protected":false},"featured_media":22436,"comment_status":"closed","ping_status":"closed","template":"","meta":[],"product_brand":[978],"product_cat":[1170],"product_tag":[],"class_list":{"0":"post-87926","1":"product","2":"type-product","3":"status-publish","4":"has-post-thumbnail","6":"product_brand-petra","7":"product_cat-muebles-de-bano","8":"pa_color-azabache","9":"pa_color-blanco-brillo","10":"pa_color-roble","11":"pa_medidas-378","12":"pa_medidas-492","14":"first","15":"instock","16":"purchasable","17":"product-type-variable"},"_links":{"self":[{"href":"https:\/\/avantarea.com\/fr\/wp-json\/wp\/v2\/product\/87926","targetHints":{"allow":["GET"]}}],"collection":[{"href":"https:\/\/avantarea.com\/fr\/wp-json\/wp\/v2\/product"}],"about":[{"href":"https:\/\/avantarea.com\/fr\/wp-json\/wp\/v2\/types\/product"}],"replies":[{"embeddable":true,"href":"https:\/\/avantarea.com\/fr\/wp-json\/wp\/v2\/comments?post=87926"}],"wp:featuredmedia":[{"embeddable":true,"href":"https:\/\/avantarea.com\/fr\/wp-json\/wp\/v2\/media\/22436"}],"wp:attachment":[{"href":"https:\/\/avantarea.com\/fr\/wp-json\/wp\/v2\/media?parent=87926"}],"wp:term":[{"taxonomy":"product_brand","embeddable":true,"href":"https:\/\/avantarea.com\/fr\/wp-json\/wp\/v2\/product_brand?post=87926"},{"taxonomy":"product_cat","embeddable":true,"href":"https:\/\/avantarea.com\/fr\/wp-json\/wp\/v2\/product_cat?post=87926"},{"taxonomy":"product_tag","embeddable":true,"href":"https:\/\/avantarea.com\/fr\/wp-json\/wp\/v2\/product_tag?post=87926"}],"curies":[{"name":"wp","href":"https:\/\/api.w.org\/{rel}","templated":true}]}}