{"id":87910,"date":"2022-04-28T13:32:28","date_gmt":"2022-04-28T11:32:28","guid":{"rendered":"https:\/\/nueva.avantarea.com\/?post_type=product&#038;p=87910"},"modified":"2026-02-25T11:08:51","modified_gmt":"2026-02-25T10:08:51","slug":"pack-gent-lavabo-espejo-aplique-led-copia","status":"publish","type":"product","link":"https:\/\/avantarea.com\/fr\/producto\/pack-gent-lavabo-espejo-aplique-led-copia\/","title":{"rendered":"Pack GENT + lavabo + miroir + applique LED"},"content":{"rendered":"<p>Pack compos\u00e9 de meuble de salle de bain r\u00e9alis\u00e9 en mat\u00e9riau stratifi\u00e9 19 mm, avec trois tiroirs de grande capacit\u00e9 et fermeture softclosing. Comprend un lavabo \u00e0 poser en c\u00e9ramique de couleur blanche, un miroir lisse et un spot d&rsquo;\u00e9clairage LED. Fabriqu\u00e9 en Espagne.<\/p>\n","protected":false},"excerpt":{"rendered":"<p>Pack compos\u00e9 de meuble de salle de bain r\u00e9alis\u00e9 en mat\u00e9riau stratifi\u00e9 19 mm, avec trois tiroirs de grande capacit\u00e9 et fermeture softclosing. Comprend un lavabo \u00e0 poser en c\u00e9ramique&#8230;<\/p>\n","protected":false},"featured_media":94846,"comment_status":"closed","ping_status":"closed","template":"","meta":[],"product_brand":[979],"product_cat":[1170],"product_tag":[],"class_list":{"0":"post-87910","1":"product","2":"type-product","3":"status-publish","4":"has-post-thumbnail","6":"product_brand-gent","7":"product_cat-muebles-de-bano","8":"pa_color-azabache","9":"pa_color-blanco-mate","10":"pa_color-nogal","11":"pa_color-roble","12":"pa_medidas-378","13":"pa_medidas-383","14":"pa_medidas-492","16":"first","17":"instock","18":"purchasable","19":"product-type-variable"},"_links":{"self":[{"href":"https:\/\/avantarea.com\/fr\/wp-json\/wp\/v2\/product\/87910","targetHints":{"allow":["GET"]}}],"collection":[{"href":"https:\/\/avantarea.com\/fr\/wp-json\/wp\/v2\/product"}],"about":[{"href":"https:\/\/avantarea.com\/fr\/wp-json\/wp\/v2\/types\/product"}],"replies":[{"embeddable":true,"href":"https:\/\/avantarea.com\/fr\/wp-json\/wp\/v2\/comments?post=87910"}],"wp:featuredmedia":[{"embeddable":true,"href":"https:\/\/avantarea.com\/fr\/wp-json\/wp\/v2\/media\/94846"}],"wp:attachment":[{"href":"https:\/\/avantarea.com\/fr\/wp-json\/wp\/v2\/media?parent=87910"}],"wp:term":[{"taxonomy":"product_brand","embeddable":true,"href":"https:\/\/avantarea.com\/fr\/wp-json\/wp\/v2\/product_brand?post=87910"},{"taxonomy":"product_cat","embeddable":true,"href":"https:\/\/avantarea.com\/fr\/wp-json\/wp\/v2\/product_cat?post=87910"},{"taxonomy":"product_tag","embeddable":true,"href":"https:\/\/avantarea.com\/fr\/wp-json\/wp\/v2\/product_tag?post=87910"}],"curies":[{"name":"wp","href":"https:\/\/api.w.org\/{rel}","templated":true}]}}