{"id":87893,"date":"2022-04-28T13:35:10","date_gmt":"2022-04-28T11:35:10","guid":{"rendered":"https:\/\/nueva.avantarea.com\/?post_type=product&#038;p=87893"},"modified":"2026-02-25T11:08:05","modified_gmt":"2026-02-25T10:08:05","slug":"pack-brest-lavabo-espejo-led-copia","status":"publish","type":"product","link":"https:\/\/avantarea.com\/fr\/producto\/pack-brest-lavabo-espejo-led-copia\/","title":{"rendered":"Pack BREST + lavabo + miroir LED"},"content":{"rendered":"<p>Pack compos\u00e9 d&rsquo;un meuble de salle de bain fabriqu\u00e9 en panneau de particules m\u00e9lamin\u00e9 de 19mm avec un tiroir de grande capacit\u00e9, enti\u00e8rement extractible et \u00e0 fermeture douce, et un espace d\u00e9coratif. Lavabo en c\u00e9ramique blanche avec vasque d\u00e9centr\u00e9e. Miroir avec \u00e9clairage LED int\u00e9gr\u00e9 IP65, 6000\u00baK, 10,8W, 1170 lumens. Fabriqu\u00e9 en Espagne. Robinet non inclus.<\/p>\n","protected":false},"excerpt":{"rendered":"<p>Pack compos\u00e9 d&rsquo;un meuble de salle de bain fabriqu\u00e9 en panneau de particules m\u00e9lamin\u00e9 de 19mm avec un tiroir de grande capacit\u00e9, enti\u00e8rement extractible et \u00e0 fermeture douce, et un&#8230;<\/p>\n","protected":false},"featured_media":115454,"comment_status":"closed","ping_status":"closed","template":"","meta":[],"product_brand":[952],"product_cat":[1170],"product_tag":[],"class_list":{"0":"post-87893","1":"product","2":"type-product","3":"status-publish","4":"has-post-thumbnail","6":"product_brand-brest","7":"product_cat-muebles-de-bano","8":"pa_color-azabache","9":"pa_color-blanco","10":"pa_color-nogal","11":"pa_color-roble","12":"pa_medidas-378","14":"first","15":"instock","16":"purchasable","17":"product-type-variable"},"_links":{"self":[{"href":"https:\/\/avantarea.com\/fr\/wp-json\/wp\/v2\/product\/87893","targetHints":{"allow":["GET"]}}],"collection":[{"href":"https:\/\/avantarea.com\/fr\/wp-json\/wp\/v2\/product"}],"about":[{"href":"https:\/\/avantarea.com\/fr\/wp-json\/wp\/v2\/types\/product"}],"replies":[{"embeddable":true,"href":"https:\/\/avantarea.com\/fr\/wp-json\/wp\/v2\/comments?post=87893"}],"wp:featuredmedia":[{"embeddable":true,"href":"https:\/\/avantarea.com\/fr\/wp-json\/wp\/v2\/media\/115454"}],"wp:attachment":[{"href":"https:\/\/avantarea.com\/fr\/wp-json\/wp\/v2\/media?parent=87893"}],"wp:term":[{"taxonomy":"product_brand","embeddable":true,"href":"https:\/\/avantarea.com\/fr\/wp-json\/wp\/v2\/product_brand?post=87893"},{"taxonomy":"product_cat","embeddable":true,"href":"https:\/\/avantarea.com\/fr\/wp-json\/wp\/v2\/product_cat?post=87893"},{"taxonomy":"product_tag","embeddable":true,"href":"https:\/\/avantarea.com\/fr\/wp-json\/wp\/v2\/product_tag?post=87893"}],"curies":[{"name":"wp","href":"https:\/\/api.w.org\/{rel}","templated":true}]}}