{"id":87876,"date":"2022-04-28T13:35:28","date_gmt":"2022-04-28T11:35:28","guid":{"rendered":"https:\/\/nueva.avantarea.com\/?post_type=product&#038;p=87876"},"modified":"2026-04-09T08:28:25","modified_gmt":"2026-04-09T06:28:25","slug":"pack-namur-lavabo-espejo-aplique-led-copia","status":"publish","type":"product","link":"https:\/\/avantarea.com\/fr\/producto\/pack-namur-lavabo-espejo-aplique-led-copia\/","title":{"rendered":"Pack NAMUR + lavabo + miroir + applique LED"},"content":{"rendered":"<p>Pack compos\u00e9 d&rsquo;un meuble suspendu, d&rsquo;un lavabo, d&rsquo;un miroir et d&rsquo;un \u00e9clairage LED. Meuble fabriqu\u00e9 en panneau de particules m\u00e9lamin\u00e9 de 19 mm avec un tiroir de grande capacit\u00e9, \u00e0 extraction totale et fermeture douce, et un espace d\u00e9coratif inf\u00e9rieur. Vasque \u00e0 poser en c\u00e9ramique blanche. Miroir avec \u00e9clairage LED int\u00e9gr\u00e9 inclus IP65, 6000\u00baK, 10,8W, 1170 lumens. Il est livr\u00e9 assembl\u00e9, pr\u00eat \u00e0 \u00eatre accroch\u00e9 au mur. Comprend toute la quincaillerie n\u00e9cessaire. Fabriqu\u00e9 en Espagne. Robinet et siphon non inclus.<\/p>\n","protected":false},"excerpt":{"rendered":"<p>Pack compos\u00e9 d&rsquo;un meuble suspendu, d&rsquo;un lavabo, d&rsquo;un miroir et d&rsquo;un \u00e9clairage LED. Meuble fabriqu\u00e9 en panneau de particules m\u00e9lamin\u00e9 de 19 mm avec un tiroir de grande capacit\u00e9, \u00e0&#8230;<\/p>\n","protected":false},"featured_media":22518,"comment_status":"closed","ping_status":"closed","template":"","meta":[],"product_brand":[980],"product_cat":[1170],"product_tag":[],"class_list":{"0":"post-87876","1":"product","2":"type-product","3":"status-publish","4":"has-post-thumbnail","6":"product_brand-namur","7":"product_cat-muebles-de-bano","8":"pa_color-bleu-2","9":"pa_color-nogal","10":"pa_color-roble","11":"pa_medidas-369","12":"pa_medidas-378","13":"pa_medidas-383","14":"pa_medidas-370","16":"first","17":"instock","18":"purchasable","19":"product-type-variable"},"_links":{"self":[{"href":"https:\/\/avantarea.com\/fr\/wp-json\/wp\/v2\/product\/87876","targetHints":{"allow":["GET"]}}],"collection":[{"href":"https:\/\/avantarea.com\/fr\/wp-json\/wp\/v2\/product"}],"about":[{"href":"https:\/\/avantarea.com\/fr\/wp-json\/wp\/v2\/types\/product"}],"replies":[{"embeddable":true,"href":"https:\/\/avantarea.com\/fr\/wp-json\/wp\/v2\/comments?post=87876"}],"wp:featuredmedia":[{"embeddable":true,"href":"https:\/\/avantarea.com\/fr\/wp-json\/wp\/v2\/media\/22518"}],"wp:attachment":[{"href":"https:\/\/avantarea.com\/fr\/wp-json\/wp\/v2\/media?parent=87876"}],"wp:term":[{"taxonomy":"product_brand","embeddable":true,"href":"https:\/\/avantarea.com\/fr\/wp-json\/wp\/v2\/product_brand?post=87876"},{"taxonomy":"product_cat","embeddable":true,"href":"https:\/\/avantarea.com\/fr\/wp-json\/wp\/v2\/product_cat?post=87876"},{"taxonomy":"product_tag","embeddable":true,"href":"https:\/\/avantarea.com\/fr\/wp-json\/wp\/v2\/product_tag?post=87876"}],"curies":[{"name":"wp","href":"https:\/\/api.w.org\/{rel}","templated":true}]}}