{"id":87838,"date":"2022-04-28T13:37:26","date_gmt":"2022-04-28T11:37:26","guid":{"rendered":"https:\/\/nueva.avantarea.com\/?post_type=product&#038;p=87838"},"modified":"2026-02-25T11:06:46","modified_gmt":"2026-02-25T10:06:46","slug":"pack-mons-con-lavabo-espejo-y-foco-led-copia","status":"publish","type":"product","link":"https:\/\/avantarea.com\/fr\/producto\/pack-mons-con-lavabo-espejo-y-foco-led-copia\/","title":{"rendered":"Pack MONS avec lavabo, miroir et spot LED"},"content":{"rendered":"<p>Pack compos\u00e9 d&rsquo;un meuble de salle de bain, d&rsquo;un lavabo, d&rsquo;un miroir et d&rsquo;une applique LED. Meuble de salle de bain fabriqu\u00e9 en panneau de particules m\u00e9lamin\u00e9 de 19mm avec un tiroir de grande capacit\u00e9, enti\u00e8rement extractible et \u00e0 fermeture douce. Meuble con\u00e7u et fabriqu\u00e9 pour l&rsquo;installation d&rsquo;un robinet mural. Vasque \u00e0 poser en c\u00e9ramique blanche. Miroir et applique d&rsquo;\u00e9clairage LED inclus IP65, 6000\u00baK, 10,8W, 1170 lumens. Fabriqu\u00e9 en Espagne. Robinet non inclus.<\/p>\n","protected":false},"excerpt":{"rendered":"<p>Pack compos\u00e9 d&rsquo;un meuble de salle de bain, d&rsquo;un lavabo, d&rsquo;un miroir et d&rsquo;une applique LED. Meuble de salle de bain fabriqu\u00e9 en panneau de particules m\u00e9lamin\u00e9 de 19mm avec&#8230;<\/p>\n","protected":false},"featured_media":22584,"comment_status":"closed","ping_status":"closed","template":"","meta":[],"product_brand":[981],"product_cat":[1170],"product_tag":[],"class_list":{"0":"post-87838","1":"product","2":"type-product","3":"status-publish","4":"has-post-thumbnail","6":"product_brand-mons","7":"product_cat-muebles-de-bano","8":"pa_color-azabache","9":"pa_color-blanco-mate","10":"pa_color-gris","11":"pa_color-nogal","12":"pa_color-roble","13":"pa_medidas-369","14":"pa_medidas-378","15":"pa_medidas-383","17":"first","18":"instock","19":"purchasable","20":"product-type-variable"},"_links":{"self":[{"href":"https:\/\/avantarea.com\/fr\/wp-json\/wp\/v2\/product\/87838","targetHints":{"allow":["GET"]}}],"collection":[{"href":"https:\/\/avantarea.com\/fr\/wp-json\/wp\/v2\/product"}],"about":[{"href":"https:\/\/avantarea.com\/fr\/wp-json\/wp\/v2\/types\/product"}],"replies":[{"embeddable":true,"href":"https:\/\/avantarea.com\/fr\/wp-json\/wp\/v2\/comments?post=87838"}],"wp:featuredmedia":[{"embeddable":true,"href":"https:\/\/avantarea.com\/fr\/wp-json\/wp\/v2\/media\/22584"}],"wp:attachment":[{"href":"https:\/\/avantarea.com\/fr\/wp-json\/wp\/v2\/media?parent=87838"}],"wp:term":[{"taxonomy":"product_brand","embeddable":true,"href":"https:\/\/avantarea.com\/fr\/wp-json\/wp\/v2\/product_brand?post=87838"},{"taxonomy":"product_cat","embeddable":true,"href":"https:\/\/avantarea.com\/fr\/wp-json\/wp\/v2\/product_cat?post=87838"},{"taxonomy":"product_tag","embeddable":true,"href":"https:\/\/avantarea.com\/fr\/wp-json\/wp\/v2\/product_tag?post=87838"}],"curies":[{"name":"wp","href":"https:\/\/api.w.org\/{rel}","templated":true}]}}