{"id":87819,"date":"2022-04-28T13:38:23","date_gmt":"2022-04-28T11:38:23","guid":{"rendered":"https:\/\/nueva.avantarea.com\/?post_type=product&#038;p=87819"},"modified":"2026-02-25T11:06:22","modified_gmt":"2026-02-25T10:06:22","slug":"pack-valona-con-lavabo-y-espejo-led-copia","status":"publish","type":"product","link":"https:\/\/avantarea.com\/fr\/producto\/pack-valona-con-lavabo-y-espejo-led-copia\/","title":{"rendered":"Pack VALONA avec lavabo et miroir LED"},"content":{"rendered":"<p>Pack compos\u00e9 d&rsquo;un meuble de salle de bain fabriqu\u00e9 en mat\u00e9riau stratifi\u00e9 finition blanc mat et d&rsquo;un plan de travail stratifi\u00e9 finition contrast\u00e9e. Il est dot\u00e9 d&rsquo;une porte avec fermeture soft-closing et d&rsquo;une \u00e9tag\u00e8re d\u00e9corative. Il comprend un lavabo \u00e0 poser en c\u00e9ramique blanche et un miroir avec \u00e9clairage LED. Fabriqu\u00e9 en Espagne.<\/p>\n","protected":false},"excerpt":{"rendered":"<p>Pack compos\u00e9 d&rsquo;un meuble de salle de bain fabriqu\u00e9 en mat\u00e9riau stratifi\u00e9 finition blanc mat et d&rsquo;un plan de travail stratifi\u00e9 finition contrast\u00e9e. Il est dot\u00e9 d&rsquo;une porte avec fermeture&#8230;<\/p>\n","protected":false},"featured_media":22639,"comment_status":"closed","ping_status":"closed","template":"","meta":[],"product_brand":[982],"product_cat":[1170],"product_tag":[],"class_list":{"0":"post-87819","1":"product","2":"type-product","3":"status-publish","4":"has-post-thumbnail","6":"product_brand-valona","7":"product_cat-muebles-de-bano","8":"pa_color-azabache","9":"pa_color-blanco-mate","10":"pa_color-gris","11":"pa_color-nogal","12":"pa_color-roble","13":"pa_medidas-369","14":"pa_medidas-378","15":"pa_medidas-370","17":"first","18":"instock","19":"purchasable","20":"product-type-variable"},"_links":{"self":[{"href":"https:\/\/avantarea.com\/fr\/wp-json\/wp\/v2\/product\/87819","targetHints":{"allow":["GET"]}}],"collection":[{"href":"https:\/\/avantarea.com\/fr\/wp-json\/wp\/v2\/product"}],"about":[{"href":"https:\/\/avantarea.com\/fr\/wp-json\/wp\/v2\/types\/product"}],"replies":[{"embeddable":true,"href":"https:\/\/avantarea.com\/fr\/wp-json\/wp\/v2\/comments?post=87819"}],"wp:featuredmedia":[{"embeddable":true,"href":"https:\/\/avantarea.com\/fr\/wp-json\/wp\/v2\/media\/22639"}],"wp:attachment":[{"href":"https:\/\/avantarea.com\/fr\/wp-json\/wp\/v2\/media?parent=87819"}],"wp:term":[{"taxonomy":"product_brand","embeddable":true,"href":"https:\/\/avantarea.com\/fr\/wp-json\/wp\/v2\/product_brand?post=87819"},{"taxonomy":"product_cat","embeddable":true,"href":"https:\/\/avantarea.com\/fr\/wp-json\/wp\/v2\/product_cat?post=87819"},{"taxonomy":"product_tag","embeddable":true,"href":"https:\/\/avantarea.com\/fr\/wp-json\/wp\/v2\/product_tag?post=87819"}],"curies":[{"name":"wp","href":"https:\/\/api.w.org\/{rel}","templated":true}]}}