{"id":87808,"date":"2022-04-28T13:42:53","date_gmt":"2022-04-28T11:42:53","guid":{"rendered":"https:\/\/nueva.avantarea.com\/?post_type=product&#038;p=87808"},"modified":"2026-02-25T11:05:59","modified_gmt":"2026-02-25T10:05:59","slug":"pack-fin-con-lavabo-profundidad-reducida-y-espejo-led-copia","status":"publish","type":"product","link":"https:\/\/avantarea.com\/fr\/producto\/pack-fin-con-lavabo-profundidad-reducida-y-espejo-led-copia\/","title":{"rendered":"Pack FIN avec lavabo profondeur r\u00e9duite et miroir LED"},"content":{"rendered":"<p>Pack compos\u00e9 d&rsquo;un meuble suspendu, d&rsquo;un lavabo et d&rsquo;un miroir \u00e9clair\u00e9. Meuble \u00e0 profondeur r\u00e9duite fabriqu\u00e9 en panneau de particules m\u00e9lamin\u00e9 de 19mm avec un tiroir, totalement extractible et \u00e0 fermeture douce. Lavabo \u00e0 profondeur r\u00e9duite en c\u00e9ramique blanc brillant. Miroir avec \u00e9clairage LED int\u00e9gr\u00e9 IP65, 6000\u00baK, 10,8W, 1170 lumens. Livr\u00e9 mont\u00e9, pr\u00eat \u00e0 \u00eatre suspendu au mur. Comprend toute la quincaillerie n\u00e9cessaire. Fabriqu\u00e9 en Espagne. Robinet et siphon non inclus.<\/p>\n","protected":false},"excerpt":{"rendered":"<p>Pack compos\u00e9 d&rsquo;un meuble suspendu, d&rsquo;un lavabo et d&rsquo;un miroir \u00e9clair\u00e9. Meuble \u00e0 profondeur r\u00e9duite fabriqu\u00e9 en panneau de particules m\u00e9lamin\u00e9 de 19mm avec un tiroir, totalement extractible et \u00e0&#8230;<\/p>\n","protected":false},"featured_media":19456,"comment_status":"closed","ping_status":"closed","template":"","meta":[],"product_brand":[960],"product_cat":[1170],"product_tag":[],"class_list":{"0":"post-87808","1":"product","2":"type-product","3":"status-publish","4":"has-post-thumbnail","6":"product_brand-fin","7":"product_cat-muebles-de-bano","8":"pa_color-azabache","9":"pa_color-blanco-mate","10":"pa_color-nogal","11":"pa_color-roble","12":"pa_medidas-363","13":"pa_medidas-370","15":"first","16":"instock","17":"purchasable","18":"product-type-variable"},"_links":{"self":[{"href":"https:\/\/avantarea.com\/fr\/wp-json\/wp\/v2\/product\/87808","targetHints":{"allow":["GET"]}}],"collection":[{"href":"https:\/\/avantarea.com\/fr\/wp-json\/wp\/v2\/product"}],"about":[{"href":"https:\/\/avantarea.com\/fr\/wp-json\/wp\/v2\/types\/product"}],"replies":[{"embeddable":true,"href":"https:\/\/avantarea.com\/fr\/wp-json\/wp\/v2\/comments?post=87808"}],"wp:featuredmedia":[{"embeddable":true,"href":"https:\/\/avantarea.com\/fr\/wp-json\/wp\/v2\/media\/19456"}],"wp:attachment":[{"href":"https:\/\/avantarea.com\/fr\/wp-json\/wp\/v2\/media?parent=87808"}],"wp:term":[{"taxonomy":"product_brand","embeddable":true,"href":"https:\/\/avantarea.com\/fr\/wp-json\/wp\/v2\/product_brand?post=87808"},{"taxonomy":"product_cat","embeddable":true,"href":"https:\/\/avantarea.com\/fr\/wp-json\/wp\/v2\/product_cat?post=87808"},{"taxonomy":"product_tag","embeddable":true,"href":"https:\/\/avantarea.com\/fr\/wp-json\/wp\/v2\/product_tag?post=87808"}],"curies":[{"name":"wp","href":"https:\/\/api.w.org\/{rel}","templated":true}]}}