{"id":87787,"date":"2022-04-28T13:44:20","date_gmt":"2022-04-28T11:44:20","guid":{"rendered":"https:\/\/nueva.avantarea.com\/?post_type=product&#038;p=87787"},"modified":"2026-02-25T11:05:40","modified_gmt":"2026-02-25T10:05:40","slug":"pack-levant-lavabo-espejo-aplique-led-copia","status":"publish","type":"product","link":"https:\/\/avantarea.com\/fr\/producto\/pack-levant-lavabo-espejo-aplique-led-copia\/","title":{"rendered":"Pack LEVANT + lavabo + miroir + applique LED"},"content":{"rendered":"<p>Pack compos\u00e9 d&rsquo;un meuble suspendu, d&rsquo;une vasque, d&rsquo;un miroir et d&rsquo;une applique LED. Plan de toilette suspendu fabriqu\u00e9 en panneau de particules m\u00e9lamin\u00e9 avec \u00e9clairage LED int\u00e9gr\u00e9. Meuble fabriqu\u00e9 en panneau de particules m\u00e9lamin\u00e9 de 19mm avec tiroir de grande capacit\u00e9, \u00e0 extraction totale et fermeture douce. Vasque \u00e0 poser en c\u00e9ramique. Miroir et \u00e9clairage LED int\u00e9gr\u00e9 inclus IP65, 6000\u00baK, 10,8W, 1170 lumens. Livr\u00e9 mont\u00e9, pr\u00eat \u00e0 \u00eatre fix\u00e9 au mur. Comprend toute la quincaillerie n\u00e9cessaire. Fabriqu\u00e9 en Espagne. Robinet et siphon non inclus.<\/p>\n","protected":false},"excerpt":{"rendered":"<p>Pack compos\u00e9 d&rsquo;un meuble suspendu, d&rsquo;une vasque, d&rsquo;un miroir et d&rsquo;une applique LED. Plan de toilette suspendu fabriqu\u00e9 en panneau de particules m\u00e9lamin\u00e9 avec \u00e9clairage LED int\u00e9gr\u00e9. Meuble fabriqu\u00e9 en&#8230;<\/p>\n","protected":false},"featured_media":22704,"comment_status":"closed","ping_status":"open","template":"","meta":[],"product_brand":[983],"product_cat":[577],"product_tag":[],"class_list":{"0":"post-87787","1":"product","2":"type-product","3":"status-publish","4":"has-post-thumbnail","6":"product_brand-levant","7":"product_cat-muebles-de-bano","8":"pa_color-azabache","9":"pa_color-bardolino","10":"pa_color-blanco-mate","11":"pa_color-macadam","12":"pa_color-nogal","13":"pa_medidas-369","14":"pa_medidas-378","15":"pa_medidas-383","16":"pa_medidas-370","18":"first","19":"instock","20":"purchasable","21":"product-type-variable"},"_links":{"self":[{"href":"https:\/\/avantarea.com\/fr\/wp-json\/wp\/v2\/product\/87787","targetHints":{"allow":["GET"]}}],"collection":[{"href":"https:\/\/avantarea.com\/fr\/wp-json\/wp\/v2\/product"}],"about":[{"href":"https:\/\/avantarea.com\/fr\/wp-json\/wp\/v2\/types\/product"}],"replies":[{"embeddable":true,"href":"https:\/\/avantarea.com\/fr\/wp-json\/wp\/v2\/comments?post=87787"}],"wp:featuredmedia":[{"embeddable":true,"href":"https:\/\/avantarea.com\/fr\/wp-json\/wp\/v2\/media\/22704"}],"wp:attachment":[{"href":"https:\/\/avantarea.com\/fr\/wp-json\/wp\/v2\/media?parent=87787"}],"wp:term":[{"taxonomy":"product_brand","embeddable":true,"href":"https:\/\/avantarea.com\/fr\/wp-json\/wp\/v2\/product_brand?post=87787"},{"taxonomy":"product_cat","embeddable":true,"href":"https:\/\/avantarea.com\/fr\/wp-json\/wp\/v2\/product_cat?post=87787"},{"taxonomy":"product_tag","embeddable":true,"href":"https:\/\/avantarea.com\/fr\/wp-json\/wp\/v2\/product_tag?post=87787"}],"curies":[{"name":"wp","href":"https:\/\/api.w.org\/{rel}","templated":true}]}}