{"id":87781,"date":"2022-04-28T13:45:47","date_gmt":"2022-04-28T11:45:47","guid":{"rendered":"https:\/\/nueva.avantarea.com\/?post_type=product&#038;p=87781"},"modified":"2026-02-25T11:05:18","modified_gmt":"2026-02-25T10:05:18","slug":"complemento-levant-copia","status":"publish","type":"product","link":"https:\/\/avantarea.com\/fr\/producto\/complemento-levant-copia\/","title":{"rendered":"Compl\u00e9ment LEVANT"},"content":{"rendered":"<p>Meuble d&rsquo;appoint de salle de bain de 35&#215;140 fabriqu\u00e9 en panneau stratifi\u00e9 de 19 mm avec deux portes \u00e0 fermeture amortie douce et un espace d\u00e9coratif central. \u00c9clairage LED int\u00e9gr\u00e9 dans l&rsquo;espace d\u00e9coratif central. Charni\u00e8res \u00e0 fermeture amortie test\u00e9es \u00e0 80.000 cycles, r\u00e9glables sur les trois axes. Fixations murales capables de supporter jusqu&rsquo;\u00e0 30 Kg par fixation. Chants en PVC de 1 mm. Fabriqu\u00e9 en Espagne. Livr\u00e9 mont\u00e9, pr\u00eat \u00e0 \u00eatre accroch\u00e9 au mur. Comprend toute la quincaillerie n\u00e9cessaire.<\/p>\n","protected":false},"excerpt":{"rendered":"<p>Meuble d&rsquo;appoint de salle de bain de 35&#215;140 fabriqu\u00e9 en panneau stratifi\u00e9 de 19 mm avec deux portes \u00e0 fermeture amortie douce et un espace d\u00e9coratif central. \u00c9clairage LED int\u00e9gr\u00e9&#8230;<\/p>\n","protected":false},"featured_media":22766,"comment_status":"closed","ping_status":"closed","template":"","meta":[],"product_brand":[983],"product_cat":[1175],"product_tag":[],"class_list":{"0":"post-87781","1":"product","2":"type-product","3":"status-publish","4":"has-post-thumbnail","6":"product_brand-levant","7":"product_cat-mobilier-dappoint","8":"pa_color-azabache","9":"pa_color-bardolino","10":"pa_color-blanco-mate","11":"pa_color-macadam","12":"pa_color-nogal","13":"pa_medidas-452","15":"first","16":"instock","17":"purchasable","18":"product-type-variable"},"_links":{"self":[{"href":"https:\/\/avantarea.com\/fr\/wp-json\/wp\/v2\/product\/87781","targetHints":{"allow":["GET"]}}],"collection":[{"href":"https:\/\/avantarea.com\/fr\/wp-json\/wp\/v2\/product"}],"about":[{"href":"https:\/\/avantarea.com\/fr\/wp-json\/wp\/v2\/types\/product"}],"replies":[{"embeddable":true,"href":"https:\/\/avantarea.com\/fr\/wp-json\/wp\/v2\/comments?post=87781"}],"wp:featuredmedia":[{"embeddable":true,"href":"https:\/\/avantarea.com\/fr\/wp-json\/wp\/v2\/media\/22766"}],"wp:attachment":[{"href":"https:\/\/avantarea.com\/fr\/wp-json\/wp\/v2\/media?parent=87781"}],"wp:term":[{"taxonomy":"product_brand","embeddable":true,"href":"https:\/\/avantarea.com\/fr\/wp-json\/wp\/v2\/product_brand?post=87781"},{"taxonomy":"product_cat","embeddable":true,"href":"https:\/\/avantarea.com\/fr\/wp-json\/wp\/v2\/product_cat?post=87781"},{"taxonomy":"product_tag","embeddable":true,"href":"https:\/\/avantarea.com\/fr\/wp-json\/wp\/v2\/product_tag?post=87781"}],"curies":[{"name":"wp","href":"https:\/\/api.w.org\/{rel}","templated":true}]}}