{"id":87737,"date":"2022-04-28T13:47:32","date_gmt":"2022-04-28T11:47:32","guid":{"rendered":"https:\/\/nueva.avantarea.com\/?post_type=product&#038;p=87737"},"modified":"2026-02-25T11:04:26","modified_gmt":"2026-02-25T10:04:26","slug":"pack-capitello-lavabo-espejo-aplique-led-copia","status":"publish","type":"product","link":"https:\/\/avantarea.com\/fr\/producto\/pack-capitello-lavabo-espejo-aplique-led-copia\/","title":{"rendered":"Pack CAPITELLO + lavabo + miroir + applique LED"},"content":{"rendered":"<p>Ensemble compos\u00e9 de deux meubles de salle de bain suspendus, vasque et miroir \u00e9clair\u00e9. Meubles fabriqu\u00e9s en panneau de particules m\u00e9lamin\u00e9 de 19mm, avec tiroirs \u00e0 extraction totale et fermeture douce. Chants r\u00e9alis\u00e9s en PVC de 1 mm. Vasque \u00e0 poser en c\u00e9ramique blanc brillant, miroir lisse avec spot d&rsquo;\u00e9clairage LED et temp\u00e9rature de couleur de 6000 K LED inclus. Fabriqu\u00e9 en Espagne. Robinet non inclus.<\/p>\n","protected":false},"excerpt":{"rendered":"<p>Ensemble compos\u00e9 de deux meubles de salle de bain suspendus, vasque et miroir \u00e9clair\u00e9. Meubles fabriqu\u00e9s en panneau de particules m\u00e9lamin\u00e9 de 19mm, avec tiroirs \u00e0 extraction totale et fermeture&#8230;<\/p>\n","protected":false},"featured_media":114290,"comment_status":"closed","ping_status":"closed","template":"","meta":[],"product_brand":[985],"product_cat":[1170],"product_tag":[],"class_list":{"0":"post-87737","1":"product","2":"type-product","3":"status-publish","4":"has-post-thumbnail","6":"product_brand-capitello","7":"product_cat-muebles-de-bano","8":"pa_color-azabache","9":"pa_color-blanco-mate","10":"pa_color-macadam","11":"pa_color-nogal","12":"pa_color-roble","13":"pa_medidas-369","14":"pa_medidas-378","15":"pa_medidas-370","17":"first","18":"instock","19":"purchasable","20":"product-type-variable"},"_links":{"self":[{"href":"https:\/\/avantarea.com\/fr\/wp-json\/wp\/v2\/product\/87737","targetHints":{"allow":["GET"]}}],"collection":[{"href":"https:\/\/avantarea.com\/fr\/wp-json\/wp\/v2\/product"}],"about":[{"href":"https:\/\/avantarea.com\/fr\/wp-json\/wp\/v2\/types\/product"}],"replies":[{"embeddable":true,"href":"https:\/\/avantarea.com\/fr\/wp-json\/wp\/v2\/comments?post=87737"}],"wp:featuredmedia":[{"embeddable":true,"href":"https:\/\/avantarea.com\/fr\/wp-json\/wp\/v2\/media\/114290"}],"wp:attachment":[{"href":"https:\/\/avantarea.com\/fr\/wp-json\/wp\/v2\/media?parent=87737"}],"wp:term":[{"taxonomy":"product_brand","embeddable":true,"href":"https:\/\/avantarea.com\/fr\/wp-json\/wp\/v2\/product_brand?post=87737"},{"taxonomy":"product_cat","embeddable":true,"href":"https:\/\/avantarea.com\/fr\/wp-json\/wp\/v2\/product_cat?post=87737"},{"taxonomy":"product_tag","embeddable":true,"href":"https:\/\/avantarea.com\/fr\/wp-json\/wp\/v2\/product_tag?post=87737"}],"curies":[{"name":"wp","href":"https:\/\/api.w.org\/{rel}","templated":true}]}}