{"id":87734,"date":"2022-04-28T13:50:56","date_gmt":"2022-04-28T11:50:56","guid":{"rendered":"https:\/\/nueva.avantarea.com\/?post_type=product&#038;p=87734"},"modified":"2026-02-25T11:03:36","modified_gmt":"2026-02-25T10:03:36","slug":"toallero-tendedero-estructura-pie-100-cm-copia","status":"publish","type":"product","link":"https:\/\/avantarea.com\/fr\/producto\/toallero-tendedero-estructura-pie-100-cm-copia\/","title":{"rendered":"Porte-serviettes-\u00e9tendoir structure sur pied 100 cm"},"content":{"rendered":"<p>Porte-serviettes-s\u00e9choir structure m\u00e9tallique finition noir mat.<\/p>\n","protected":false},"excerpt":{"rendered":"<p>Porte-serviettes-s\u00e9choir structure m\u00e9tallique finition noir mat.<\/p>\n","protected":false},"featured_media":0,"comment_status":"closed","ping_status":"open","template":"","meta":[],"product_brand":[895],"product_cat":[575],"product_tag":[],"class_list":{"0":"post-87734","1":"product","2":"type-product","3":"status-publish","5":"product_brand-accesorios","6":"product_cat-accesorios","8":"first","9":"instock","10":"purchasable","11":"product-type-simple"},"_links":{"self":[{"href":"https:\/\/avantarea.com\/fr\/wp-json\/wp\/v2\/product\/87734","targetHints":{"allow":["GET"]}}],"collection":[{"href":"https:\/\/avantarea.com\/fr\/wp-json\/wp\/v2\/product"}],"about":[{"href":"https:\/\/avantarea.com\/fr\/wp-json\/wp\/v2\/types\/product"}],"replies":[{"embeddable":true,"href":"https:\/\/avantarea.com\/fr\/wp-json\/wp\/v2\/comments?post=87734"}],"wp:attachment":[{"href":"https:\/\/avantarea.com\/fr\/wp-json\/wp\/v2\/media?parent=87734"}],"wp:term":[{"taxonomy":"product_brand","embeddable":true,"href":"https:\/\/avantarea.com\/fr\/wp-json\/wp\/v2\/product_brand?post=87734"},{"taxonomy":"product_cat","embeddable":true,"href":"https:\/\/avantarea.com\/fr\/wp-json\/wp\/v2\/product_cat?post=87734"},{"taxonomy":"product_tag","embeddable":true,"href":"https:\/\/avantarea.com\/fr\/wp-json\/wp\/v2\/product_tag?post=87734"}],"curies":[{"name":"wp","href":"https:\/\/api.w.org\/{rel}","templated":true}]}}