{"id":87705,"date":"2022-04-28T13:54:41","date_gmt":"2022-04-28T11:54:41","guid":{"rendered":"https:\/\/nueva.avantarea.com\/?post_type=product&#038;p=87705"},"modified":"2026-02-25T10:58:36","modified_gmt":"2026-02-25T09:58:36","slug":"columna-ducha-mezcladora-akili-copia","status":"publish","type":"product","link":"https:\/\/avantarea.com\/fr\/producto\/columna-ducha-mezcladora-akili-copia\/","title":{"rendered":"COLONNE DE DOUCHE MITIGEUR AKILI"},"content":{"rendered":"<p>COLUMNA DUCHA MEZCLADORA AKILI. Robinet fabriqu\u00e9 en laiton avec finition chrom\u00e9e. Pression minimale d&rsquo;utilisation : 0,5 bar. Commande par manette monocommande. Pomme de douche en ABS finition chrom\u00e9e de diam\u00e8tre 200 mm ou 250 mm. Colonne r\u00e9glable en hauteur (t\u00e9lescopique).<\/p>\n","protected":false},"excerpt":{"rendered":"<p>COLUMNA DUCHA MEZCLADORA AKILI. Robinet fabriqu\u00e9 en laiton avec finition chrom\u00e9e. Pression minimale d&rsquo;utilisation : 0,5 bar. Commande par manette monocommande. Pomme de douche en ABS finition chrom\u00e9e de diam\u00e8tre&#8230;<\/p>\n","protected":false},"featured_media":22962,"comment_status":"closed","ping_status":"open","template":"","meta":[],"product_brand":[896],"product_cat":[575],"product_tag":[],"class_list":{"0":"post-87705","1":"product","2":"type-product","3":"status-publish","4":"has-post-thumbnail","6":"product_brand-grifos","7":"product_cat-accesorios","9":"first","10":"instock","11":"purchasable","12":"product-type-simple"},"_links":{"self":[{"href":"https:\/\/avantarea.com\/fr\/wp-json\/wp\/v2\/product\/87705","targetHints":{"allow":["GET"]}}],"collection":[{"href":"https:\/\/avantarea.com\/fr\/wp-json\/wp\/v2\/product"}],"about":[{"href":"https:\/\/avantarea.com\/fr\/wp-json\/wp\/v2\/types\/product"}],"replies":[{"embeddable":true,"href":"https:\/\/avantarea.com\/fr\/wp-json\/wp\/v2\/comments?post=87705"}],"wp:featuredmedia":[{"embeddable":true,"href":"https:\/\/avantarea.com\/fr\/wp-json\/wp\/v2\/media\/22962"}],"wp:attachment":[{"href":"https:\/\/avantarea.com\/fr\/wp-json\/wp\/v2\/media?parent=87705"}],"wp:term":[{"taxonomy":"product_brand","embeddable":true,"href":"https:\/\/avantarea.com\/fr\/wp-json\/wp\/v2\/product_brand?post=87705"},{"taxonomy":"product_cat","embeddable":true,"href":"https:\/\/avantarea.com\/fr\/wp-json\/wp\/v2\/product_cat?post=87705"},{"taxonomy":"product_tag","embeddable":true,"href":"https:\/\/avantarea.com\/fr\/wp-json\/wp\/v2\/product_tag?post=87705"}],"curies":[{"name":"wp","href":"https:\/\/api.w.org\/{rel}","templated":true}]}}