{"id":87703,"date":"2022-04-28T13:54:58","date_gmt":"2022-04-28T11:54:58","guid":{"rendered":"https:\/\/nueva.avantarea.com\/?post_type=product&#038;p=87703"},"modified":"2026-02-25T10:58:11","modified_gmt":"2026-02-25T09:58:11","slug":"columna-ducha-mezcladora-sarabi-plus-copia","status":"publish","type":"product","link":"https:\/\/avantarea.com\/fr\/producto\/columna-ducha-mezcladora-sarabi-plus-copia\/","title":{"rendered":"COLONNE DE DOUCHE MITIGEUR SARABI PLUS"},"content":{"rendered":"<p>COLUMNA DUCHA MEZCLADORA SARABI PLUS. Robinet en laiton finition chrom\u00e9e. Pression minimale d&rsquo;utilisation : 0,5 bar. Commande par levier monocommande. Pomme de douche en ABS finition chrom\u00e9e de diam\u00e8tre 200 mm ou 250 mm. Colonne r\u00e9glable en hauteur (t\u00e9lescopique).<\/p>\n","protected":false},"excerpt":{"rendered":"<p>COLUMNA DUCHA MEZCLADORA SARABI PLUS. Robinet en laiton finition chrom\u00e9e. Pression minimale d&rsquo;utilisation : 0,5 bar. Commande par levier monocommande. Pomme de douche en ABS finition chrom\u00e9e de diam\u00e8tre 200&#8230;<\/p>\n","protected":false},"featured_media":0,"comment_status":"closed","ping_status":"open","template":"","meta":[],"product_brand":[896],"product_cat":[575],"product_tag":[],"class_list":{"0":"post-87703","1":"product","2":"type-product","3":"status-publish","5":"product_brand-grifos","6":"product_cat-accesorios","8":"first","9":"instock","10":"purchasable","11":"product-type-simple"},"_links":{"self":[{"href":"https:\/\/avantarea.com\/fr\/wp-json\/wp\/v2\/product\/87703","targetHints":{"allow":["GET"]}}],"collection":[{"href":"https:\/\/avantarea.com\/fr\/wp-json\/wp\/v2\/product"}],"about":[{"href":"https:\/\/avantarea.com\/fr\/wp-json\/wp\/v2\/types\/product"}],"replies":[{"embeddable":true,"href":"https:\/\/avantarea.com\/fr\/wp-json\/wp\/v2\/comments?post=87703"}],"wp:attachment":[{"href":"https:\/\/avantarea.com\/fr\/wp-json\/wp\/v2\/media?parent=87703"}],"wp:term":[{"taxonomy":"product_brand","embeddable":true,"href":"https:\/\/avantarea.com\/fr\/wp-json\/wp\/v2\/product_brand?post=87703"},{"taxonomy":"product_cat","embeddable":true,"href":"https:\/\/avantarea.com\/fr\/wp-json\/wp\/v2\/product_cat?post=87703"},{"taxonomy":"product_tag","embeddable":true,"href":"https:\/\/avantarea.com\/fr\/wp-json\/wp\/v2\/product_tag?post=87703"}],"curies":[{"name":"wp","href":"https:\/\/api.w.org\/{rel}","templated":true}]}}