{"id":87701,"date":"2022-04-28T13:55:16","date_gmt":"2022-04-28T11:55:16","guid":{"rendered":"https:\/\/nueva.avantarea.com\/?post_type=product&#038;p=87701"},"modified":"2026-02-25T10:57:45","modified_gmt":"2026-02-25T09:57:45","slug":"columna-hidromasaje-block-anodizada-copia","status":"publish","type":"product","link":"https:\/\/avantarea.com\/fr\/producto\/columna-hidromasaje-block-anodizada-copia\/","title":{"rendered":"Colonne hydromassage BLOCK anodis\u00e9e"},"content":{"rendered":"<p>COLUMNA HIDROMASAJE BLOCK anodis\u00e9e. Colonne d&rsquo;hydromassage thermostatique. Actionnement par volant. Comprend : 7 Jets orientables, bras de douche 20\u00d720 cm, Douchette 2 fonctions, flexible m\u00e9tallique de 150 cm et panneau en aluminium anodis\u00e9 1500\u00d7200 mm. Finition aluminium-chrome.<\/p>\n","protected":false},"excerpt":{"rendered":"<p>COLUMNA HIDROMASAJE BLOCK anodis\u00e9e. Colonne d&rsquo;hydromassage thermostatique. Actionnement par volant. Comprend : 7 Jets orientables, bras de douche 20\u00d720 cm, Douchette 2 fonctions, flexible m\u00e9tallique de 150 cm et panneau&#8230;<\/p>\n","protected":false},"featured_media":22972,"comment_status":"closed","ping_status":"open","template":"","meta":[],"product_brand":[896],"product_cat":[575],"product_tag":[],"class_list":{"0":"post-87701","1":"product","2":"type-product","3":"status-publish","4":"has-post-thumbnail","6":"product_brand-grifos","7":"product_cat-accesorios","9":"first","10":"instock","11":"purchasable","12":"product-type-simple"},"_links":{"self":[{"href":"https:\/\/avantarea.com\/fr\/wp-json\/wp\/v2\/product\/87701","targetHints":{"allow":["GET"]}}],"collection":[{"href":"https:\/\/avantarea.com\/fr\/wp-json\/wp\/v2\/product"}],"about":[{"href":"https:\/\/avantarea.com\/fr\/wp-json\/wp\/v2\/types\/product"}],"replies":[{"embeddable":true,"href":"https:\/\/avantarea.com\/fr\/wp-json\/wp\/v2\/comments?post=87701"}],"wp:featuredmedia":[{"embeddable":true,"href":"https:\/\/avantarea.com\/fr\/wp-json\/wp\/v2\/media\/22972"}],"wp:attachment":[{"href":"https:\/\/avantarea.com\/fr\/wp-json\/wp\/v2\/media?parent=87701"}],"wp:term":[{"taxonomy":"product_brand","embeddable":true,"href":"https:\/\/avantarea.com\/fr\/wp-json\/wp\/v2\/product_brand?post=87701"},{"taxonomy":"product_cat","embeddable":true,"href":"https:\/\/avantarea.com\/fr\/wp-json\/wp\/v2\/product_cat?post=87701"},{"taxonomy":"product_tag","embeddable":true,"href":"https:\/\/avantarea.com\/fr\/wp-json\/wp\/v2\/product_tag?post=87701"}],"curies":[{"name":"wp","href":"https:\/\/api.w.org\/{rel}","templated":true}]}}