{"id":87698,"date":"2022-04-28T13:55:36","date_gmt":"2022-04-28T11:55:36","guid":{"rendered":"https:\/\/nueva.avantarea.com\/?post_type=product&#038;p=87698"},"modified":"2026-02-25T10:56:53","modified_gmt":"2026-02-25T09:56:53","slug":"percha-doble-kara-95cm-copia","status":"publish","type":"product","link":"https:\/\/avantarea.com\/fr\/producto\/percha-doble-kara-95cm-copia\/","title":{"rendered":"Pat\u00e8re double KARA 9,5cm"},"content":{"rendered":"<p>Pat\u00e8re double KARA, couleur chrome, finition laiton. Type de fixation : \u00e0 visser.<\/p>\n","protected":false},"excerpt":{"rendered":"<p>Pat\u00e8re double KARA, couleur chrome, finition laiton. Type de fixation : \u00e0 visser.<\/p>\n","protected":false},"featured_media":18302,"comment_status":"closed","ping_status":"open","template":"","meta":[],"product_brand":[895],"product_cat":[575],"product_tag":[],"class_list":{"0":"post-87698","1":"product","2":"type-product","3":"status-publish","4":"has-post-thumbnail","6":"product_brand-accesorios","7":"product_cat-accesorios","9":"first","10":"instock","11":"purchasable","12":"product-type-simple"},"_links":{"self":[{"href":"https:\/\/avantarea.com\/fr\/wp-json\/wp\/v2\/product\/87698","targetHints":{"allow":["GET"]}}],"collection":[{"href":"https:\/\/avantarea.com\/fr\/wp-json\/wp\/v2\/product"}],"about":[{"href":"https:\/\/avantarea.com\/fr\/wp-json\/wp\/v2\/types\/product"}],"replies":[{"embeddable":true,"href":"https:\/\/avantarea.com\/fr\/wp-json\/wp\/v2\/comments?post=87698"}],"wp:featuredmedia":[{"embeddable":true,"href":"https:\/\/avantarea.com\/fr\/wp-json\/wp\/v2\/media\/18302"}],"wp:attachment":[{"href":"https:\/\/avantarea.com\/fr\/wp-json\/wp\/v2\/media?parent=87698"}],"wp:term":[{"taxonomy":"product_brand","embeddable":true,"href":"https:\/\/avantarea.com\/fr\/wp-json\/wp\/v2\/product_brand?post=87698"},{"taxonomy":"product_cat","embeddable":true,"href":"https:\/\/avantarea.com\/fr\/wp-json\/wp\/v2\/product_cat?post=87698"},{"taxonomy":"product_tag","embeddable":true,"href":"https:\/\/avantarea.com\/fr\/wp-json\/wp\/v2\/product_tag?post=87698"}],"curies":[{"name":"wp","href":"https:\/\/api.w.org\/{rel}","templated":true}]}}