{"id":87695,"date":"2022-04-28T13:56:05","date_gmt":"2022-04-28T11:56:05","guid":{"rendered":"https:\/\/nueva.avantarea.com\/?post_type=product&#038;p=87695"},"modified":"2026-02-25T10:56:24","modified_gmt":"2026-02-25T09:56:24","slug":"portarrollo-reserva-kara-16cm-copia","status":"publish","type":"product","link":"https:\/\/avantarea.com\/fr\/producto\/portarrollo-reserva-kara-16cm-copia\/","title":{"rendered":"Porte-rouleau r\u00e9serve KARA 16cm"},"content":{"rendered":"<p>Porte-rouleau de r\u00e9serve KARA, couleur chrome, finition laiton. Type de fixation : \u00e0 visser.<\/p>\n","protected":false},"excerpt":{"rendered":"<p>Porte-rouleau de r\u00e9serve KARA, couleur chrome, finition laiton. Type de fixation : \u00e0 visser.<\/p>\n","protected":false},"featured_media":18296,"comment_status":"closed","ping_status":"open","template":"","meta":[],"product_brand":[895],"product_cat":[575],"product_tag":[],"class_list":{"0":"post-87695","1":"product","2":"type-product","3":"status-publish","4":"has-post-thumbnail","6":"product_brand-accesorios","7":"product_cat-accesorios","9":"first","10":"instock","11":"purchasable","12":"product-type-simple"},"_links":{"self":[{"href":"https:\/\/avantarea.com\/fr\/wp-json\/wp\/v2\/product\/87695","targetHints":{"allow":["GET"]}}],"collection":[{"href":"https:\/\/avantarea.com\/fr\/wp-json\/wp\/v2\/product"}],"about":[{"href":"https:\/\/avantarea.com\/fr\/wp-json\/wp\/v2\/types\/product"}],"replies":[{"embeddable":true,"href":"https:\/\/avantarea.com\/fr\/wp-json\/wp\/v2\/comments?post=87695"}],"wp:featuredmedia":[{"embeddable":true,"href":"https:\/\/avantarea.com\/fr\/wp-json\/wp\/v2\/media\/18296"}],"wp:attachment":[{"href":"https:\/\/avantarea.com\/fr\/wp-json\/wp\/v2\/media?parent=87695"}],"wp:term":[{"taxonomy":"product_brand","embeddable":true,"href":"https:\/\/avantarea.com\/fr\/wp-json\/wp\/v2\/product_brand?post=87695"},{"taxonomy":"product_cat","embeddable":true,"href":"https:\/\/avantarea.com\/fr\/wp-json\/wp\/v2\/product_cat?post=87695"},{"taxonomy":"product_tag","embeddable":true,"href":"https:\/\/avantarea.com\/fr\/wp-json\/wp\/v2\/product_tag?post=87695"}],"curies":[{"name":"wp","href":"https:\/\/api.w.org\/{rel}","templated":true}]}}