{"id":87626,"date":"2022-04-28T14:00:01","date_gmt":"2022-04-28T12:00:01","guid":{"rendered":"https:\/\/nueva.avantarea.com\/?post_type=product&#038;p=87626"},"modified":"2026-04-01T13:59:42","modified_gmt":"2026-04-01T11:59:42","slug":"pack-gavarnie-lavabo-espejo-aplique-led-copia","status":"publish","type":"product","link":"https:\/\/avantarea.com\/fr\/producto\/pack-gavarnie-lavabo-espejo-aplique-led-copia\/","title":{"rendered":"Pack GAVARNIE + lavabo + miroir + applique LED"},"content":{"rendered":"<p>Ensemble comprenant un meuble mural, un lavabo \u00e0 poser, un miroir et un luminaire LED. Meuble vasque de salle de bain compos\u00e9 de deux modules de tiroirs avec des \u00e9l\u00e9ments d\u00e9coratifs en verre. Meuble fabriqu\u00e9 en panneau de particules m\u00e9lamin\u00e9 de 19mm. Tiroirs de grande capacit\u00e9 \u00e0 extension compl\u00e8te et \u00e0 fermeture amortie. Vasque \u00e0 poser en c\u00e9ramique blanc brillant. Miroir simple et applique murale LED inclus IP65, 6000\u00baK, 10,8W, 1170 lumens. Il est livr\u00e9 assembl\u00e9, pr\u00eat \u00e0 \u00eatre accroch\u00e9 au mur. Comprend toute la quincaillerie n\u00e9cessaire. Fabriqu\u00e9 en Espagne. Robinet et siphon non inclus.<\/p>\n","protected":false},"excerpt":{"rendered":"<p>Ensemble comprenant un meuble mural, un lavabo \u00e0 poser, un miroir et un luminaire LED. Meuble vasque de salle de bain compos\u00e9 de deux modules de tiroirs avec des \u00e9l\u00e9ments&#8230;<\/p>\n","protected":false},"featured_media":97826,"comment_status":"closed","ping_status":"closed","template":"","meta":[],"product_brand":[959],"product_cat":[1170],"product_tag":[],"class_list":{"0":"post-87626","1":"product","2":"type-product","3":"status-publish","4":"has-post-thumbnail","6":"product_brand-gavarnie","7":"product_cat-muebles-de-bano","8":"pa_color-azabache","9":"pa_color-blanco-mate","10":"pa_color-nogal","11":"pa_color-roble","12":"pa_color-sombra","13":"pa_medidas-369","14":"pa_medidas-378","15":"pa_medidas-370","17":"first","18":"instock","19":"purchasable","20":"product-type-variable"},"_links":{"self":[{"href":"https:\/\/avantarea.com\/fr\/wp-json\/wp\/v2\/product\/87626","targetHints":{"allow":["GET"]}}],"collection":[{"href":"https:\/\/avantarea.com\/fr\/wp-json\/wp\/v2\/product"}],"about":[{"href":"https:\/\/avantarea.com\/fr\/wp-json\/wp\/v2\/types\/product"}],"replies":[{"embeddable":true,"href":"https:\/\/avantarea.com\/fr\/wp-json\/wp\/v2\/comments?post=87626"}],"wp:featuredmedia":[{"embeddable":true,"href":"https:\/\/avantarea.com\/fr\/wp-json\/wp\/v2\/media\/97826"}],"wp:attachment":[{"href":"https:\/\/avantarea.com\/fr\/wp-json\/wp\/v2\/media?parent=87626"}],"wp:term":[{"taxonomy":"product_brand","embeddable":true,"href":"https:\/\/avantarea.com\/fr\/wp-json\/wp\/v2\/product_brand?post=87626"},{"taxonomy":"product_cat","embeddable":true,"href":"https:\/\/avantarea.com\/fr\/wp-json\/wp\/v2\/product_cat?post=87626"},{"taxonomy":"product_tag","embeddable":true,"href":"https:\/\/avantarea.com\/fr\/wp-json\/wp\/v2\/product_tag?post=87626"}],"curies":[{"name":"wp","href":"https:\/\/api.w.org\/{rel}","templated":true}]}}